{"id":4473,"date":"2018-06-19T09:59:49","date_gmt":"2018-06-19T09:59:49","guid":{"rendered":"https:\/\/twproject.com\/support\/?page_id=4473"},"modified":"2021-08-26T14:09:00","modified_gmt":"2021-08-26T14:09:00","slug":"regole-custom","status":"publish","type":"page","link":"https:\/\/twproject.com\/support\/it\/utilizzo-avanzato\/personalizzazione\/regole-custom\/","title":{"rendered":"Regole Custom"},"content":{"rendered":"<p>Attualmente le regole di comportamento sono attivabili solo sul progetto e vi permettono di controllare la chiusura del progetto che pu\u00f2 essere fatta solo se la regola specificata risulta verificata.<\/p>\n<p>Una semplice regola che pu\u00f2 essere attivata \u00e8 quella tale per cui un progetto pu\u00f2 essere chiuso solo se il suo progress \u00e8 maggiore del 70% o se tutte le sue ToDos sono completate.<\/p>\n<p><img loading=\"lazy\" decoding=\"async\" class=\"alignnone wp-image-5043 size-full\" src=\"https:\/\/twproject.com\/support\/wp-content\/uploads\/custom-rules.png\" alt=\"\" width=\"1599\" height=\"898\" \/><\/p>\n<p>Le regole possono essere scritte in formato Json e la pagina introduttiva ne mostra alcuni esempi, tra cui quello per cui un progetto pu\u00f2 essere chiuso solo se un determinato form \u00e8 stato riempito.<\/p>\n<p><img loading=\"lazy\" decoding=\"async\" class=\"alignnone size-full wp-image-5045\" src=\"https:\/\/twproject.com\/support\/wp-content\/uploads\/custom-rule-2-1.png\" alt=\"\" width=\"1575\" height=\"598\" \/><\/p>\n<p>&nbsp;<\/p>\n<p>&nbsp;<\/p>\n","protected":false},"excerpt":{"rendered":"<p>Attualmente le regole di comportamento sono attivabili solo sul progetto e vi permettono di controllare la chiusura del progetto che pu\u00f2 essere fatta solo se la regola specificata risulta verificata. Una semplice regola che pu\u00f2 essere attivata \u00e8 quella tale per cui un progetto pu\u00f2 essere chiuso solo se il suo progress \u00e8 maggiore del [&hellip;]<\/p>\n","protected":false},"author":1,"featured_media":0,"parent":3796,"menu_order":42,"comment_status":"closed","ping_status":"closed","template":"","meta":{"footnotes":""},"class_list":["post-4473","page","type-page","status-publish","hentry"],"yoast_head":"<!-- This site is optimized with the Yoast SEO plugin v25.4 - https:\/\/yoast.com\/wordpress\/plugins\/seo\/ -->\n<title>Regole Custom | Twproject support<\/title>\n<meta name=\"description\" content=\"Attualmente le regole di comportamento sono attivabili solo sul progetto e vi permettono di controllare la chiusura del progetto che pu\u00f2 essere fatta solo\" \/>\n<meta name=\"robots\" content=\"index, follow, max-snippet:-1, max-image-preview:large, max-video-preview:-1\" \/>\n<link rel=\"canonical\" href=\"https:\/\/twproject.com\/support\/it\/utilizzo-avanzato\/personalizzazione\/regole-custom\/\" \/>\n<meta property=\"og:locale\" content=\"it_IT\" \/>\n<meta property=\"og:type\" content=\"article\" \/>\n<meta property=\"og:title\" content=\"Regole Custom | Twproject support\" \/>\n<meta property=\"og:description\" content=\"Attualmente le regole di comportamento sono attivabili solo sul progetto e vi permettono di controllare la chiusura del progetto che pu\u00f2 essere fatta solo\" \/>\n<meta property=\"og:url\" content=\"https:\/\/twproject.com\/support\/it\/utilizzo-avanzato\/personalizzazione\/regole-custom\/\" \/>\n<meta property=\"og:site_name\" content=\"Twproject support\" \/>\n<meta property=\"article:publisher\" content=\"https:\/\/www.facebook.com\/twproject\" \/>\n<meta property=\"article:modified_time\" content=\"2021-08-26T14:09:00+00:00\" \/>\n<meta property=\"og:image\" content=\"https:\/\/twproject.com\/support\/wp-content\/uploads\/custom-rules.png\" \/>\n\t<meta property=\"og:image:width\" content=\"1599\" \/>\n\t<meta property=\"og:image:height\" content=\"898\" \/>\n\t<meta property=\"og:image:type\" content=\"image\/png\" \/>\n<script type=\"application\/ld+json\" class=\"yoast-schema-graph\">{\"@context\":\"https:\/\/schema.org\",\"@graph\":[{\"@type\":\"WebPage\",\"@id\":\"https:\/\/twproject.com\/support\/it\/utilizzo-avanzato\/personalizzazione\/regole-custom\/\",\"url\":\"https:\/\/twproject.com\/support\/it\/utilizzo-avanzato\/personalizzazione\/regole-custom\/\",\"name\":\"Regole Custom | Twproject support\",\"isPartOf\":{\"@id\":\"https:\/\/twproject.com\/support\/#website\"},\"primaryImageOfPage\":{\"@id\":\"https:\/\/twproject.com\/support\/it\/utilizzo-avanzato\/personalizzazione\/regole-custom\/#primaryimage\"},\"image\":{\"@id\":\"https:\/\/twproject.com\/support\/it\/utilizzo-avanzato\/personalizzazione\/regole-custom\/#primaryimage\"},\"thumbnailUrl\":\"https:\/\/twproject.com\/support\/wp-content\/uploads\/custom-rules.png\",\"datePublished\":\"2018-06-19T09:59:49+00:00\",\"dateModified\":\"2021-08-26T14:09:00+00:00\",\"description\":\"Attualmente le regole di comportamento sono attivabili solo sul progetto e vi permettono di controllare la chiusura del progetto che pu\u00f2 essere fatta solo\",\"breadcrumb\":{\"@id\":\"https:\/\/twproject.com\/support\/it\/utilizzo-avanzato\/personalizzazione\/regole-custom\/#breadcrumb\"},\"inLanguage\":\"it-IT\",\"potentialAction\":[{\"@type\":\"ReadAction\",\"target\":[\"https:\/\/twproject.com\/support\/it\/utilizzo-avanzato\/personalizzazione\/regole-custom\/\"]}]},{\"@type\":\"ImageObject\",\"inLanguage\":\"it-IT\",\"@id\":\"https:\/\/twproject.com\/support\/it\/utilizzo-avanzato\/personalizzazione\/regole-custom\/#primaryimage\",\"url\":\"https:\/\/twproject.com\/support\/wp-content\/uploads\/custom-rules.png\",\"contentUrl\":\"https:\/\/twproject.com\/support\/wp-content\/uploads\/custom-rules.png\"},{\"@type\":\"BreadcrumbList\",\"@id\":\"https:\/\/twproject.com\/support\/it\/utilizzo-avanzato\/personalizzazione\/regole-custom\/#breadcrumb\",\"itemListElement\":[{\"@type\":\"ListItem\",\"position\":1,\"name\":\"Home\",\"item\":\"https:\/\/twproject.com\/support\/it\/\"},{\"@type\":\"ListItem\",\"position\":2,\"name\":\"Utilizzo avanzato\",\"item\":\"https:\/\/twproject.com\/support\/it\/utilizzo-avanzato\/\"},{\"@type\":\"ListItem\",\"position\":3,\"name\":\"Personalizzazione\",\"item\":\"https:\/\/twproject.com\/support\/it\/utilizzo-avanzato\/personalizzazione\/\"},{\"@type\":\"ListItem\",\"position\":4,\"name\":\"Regole Custom\"}]},{\"@type\":\"WebSite\",\"@id\":\"https:\/\/twproject.com\/support\/#website\",\"url\":\"https:\/\/twproject.com\/support\/\",\"name\":\"Twproject support\",\"description\":\"Twproject documentation online\",\"potentialAction\":[{\"@type\":\"SearchAction\",\"target\":{\"@type\":\"EntryPoint\",\"urlTemplate\":\"https:\/\/twproject.com\/support\/?s={search_term_string}\"},\"query-input\":{\"@type\":\"PropertyValueSpecification\",\"valueRequired\":true,\"valueName\":\"search_term_string\"}}],\"inLanguage\":\"it-IT\"}]}<\/script>\n<!-- \/ Yoast SEO plugin. -->","yoast_head_json":{"title":"Regole Custom | Twproject support","description":"Attualmente le regole di comportamento sono attivabili solo sul progetto e vi permettono di controllare la chiusura del progetto che pu\u00f2 essere fatta solo","robots":{"index":"index","follow":"follow","max-snippet":"max-snippet:-1","max-image-preview":"max-image-preview:large","max-video-preview":"max-video-preview:-1"},"canonical":"https:\/\/twproject.com\/support\/it\/utilizzo-avanzato\/personalizzazione\/regole-custom\/","og_locale":"it_IT","og_type":"article","og_title":"Regole Custom | Twproject support","og_description":"Attualmente le regole di comportamento sono attivabili solo sul progetto e vi permettono di controllare la chiusura del progetto che pu\u00f2 essere fatta solo","og_url":"https:\/\/twproject.com\/support\/it\/utilizzo-avanzato\/personalizzazione\/regole-custom\/","og_site_name":"Twproject support","article_publisher":"https:\/\/www.facebook.com\/twproject","article_modified_time":"2021-08-26T14:09:00+00:00","og_image":[{"width":1599,"height":898,"url":"https:\/\/twproject.com\/support\/wp-content\/uploads\/custom-rules.png","type":"image\/png"}],"schema":{"@context":"https:\/\/schema.org","@graph":[{"@type":"WebPage","@id":"https:\/\/twproject.com\/support\/it\/utilizzo-avanzato\/personalizzazione\/regole-custom\/","url":"https:\/\/twproject.com\/support\/it\/utilizzo-avanzato\/personalizzazione\/regole-custom\/","name":"Regole Custom | Twproject support","isPartOf":{"@id":"https:\/\/twproject.com\/support\/#website"},"primaryImageOfPage":{"@id":"https:\/\/twproject.com\/support\/it\/utilizzo-avanzato\/personalizzazione\/regole-custom\/#primaryimage"},"image":{"@id":"https:\/\/twproject.com\/support\/it\/utilizzo-avanzato\/personalizzazione\/regole-custom\/#primaryimage"},"thumbnailUrl":"https:\/\/twproject.com\/support\/wp-content\/uploads\/custom-rules.png","datePublished":"2018-06-19T09:59:49+00:00","dateModified":"2021-08-26T14:09:00+00:00","description":"Attualmente le regole di comportamento sono attivabili solo sul progetto e vi permettono di controllare la chiusura del progetto che pu\u00f2 essere fatta solo","breadcrumb":{"@id":"https:\/\/twproject.com\/support\/it\/utilizzo-avanzato\/personalizzazione\/regole-custom\/#breadcrumb"},"inLanguage":"it-IT","potentialAction":[{"@type":"ReadAction","target":["https:\/\/twproject.com\/support\/it\/utilizzo-avanzato\/personalizzazione\/regole-custom\/"]}]},{"@type":"ImageObject","inLanguage":"it-IT","@id":"https:\/\/twproject.com\/support\/it\/utilizzo-avanzato\/personalizzazione\/regole-custom\/#primaryimage","url":"https:\/\/twproject.com\/support\/wp-content\/uploads\/custom-rules.png","contentUrl":"https:\/\/twproject.com\/support\/wp-content\/uploads\/custom-rules.png"},{"@type":"BreadcrumbList","@id":"https:\/\/twproject.com\/support\/it\/utilizzo-avanzato\/personalizzazione\/regole-custom\/#breadcrumb","itemListElement":[{"@type":"ListItem","position":1,"name":"Home","item":"https:\/\/twproject.com\/support\/it\/"},{"@type":"ListItem","position":2,"name":"Utilizzo avanzato","item":"https:\/\/twproject.com\/support\/it\/utilizzo-avanzato\/"},{"@type":"ListItem","position":3,"name":"Personalizzazione","item":"https:\/\/twproject.com\/support\/it\/utilizzo-avanzato\/personalizzazione\/"},{"@type":"ListItem","position":4,"name":"Regole Custom"}]},{"@type":"WebSite","@id":"https:\/\/twproject.com\/support\/#website","url":"https:\/\/twproject.com\/support\/","name":"Twproject support","description":"Twproject documentation online","potentialAction":[{"@type":"SearchAction","target":{"@type":"EntryPoint","urlTemplate":"https:\/\/twproject.com\/support\/?s={search_term_string}"},"query-input":{"@type":"PropertyValueSpecification","valueRequired":true,"valueName":"search_term_string"}}],"inLanguage":"it-IT"}]}},"_links":{"self":[{"href":"https:\/\/twproject.com\/support\/it\/wp-json\/wp\/v2\/pages\/4473","targetHints":{"allow":["GET"]}}],"collection":[{"href":"https:\/\/twproject.com\/support\/it\/wp-json\/wp\/v2\/pages"}],"about":[{"href":"https:\/\/twproject.com\/support\/it\/wp-json\/wp\/v2\/types\/page"}],"author":[{"embeddable":true,"href":"https:\/\/twproject.com\/support\/it\/wp-json\/wp\/v2\/users\/1"}],"replies":[{"embeddable":true,"href":"https:\/\/twproject.com\/support\/it\/wp-json\/wp\/v2\/comments?post=4473"}],"version-history":[{"count":0,"href":"https:\/\/twproject.com\/support\/it\/wp-json\/wp\/v2\/pages\/4473\/revisions"}],"up":[{"embeddable":true,"href":"https:\/\/twproject.com\/support\/it\/wp-json\/wp\/v2\/pages\/3796"}],"wp:attachment":[{"href":"https:\/\/twproject.com\/support\/it\/wp-json\/wp\/v2\/media?parent=4473"}],"curies":[{"name":"wp","href":"https:\/\/api.w.org\/{rel}","templated":true}]}}