{"id":3811,"date":"2017-12-28T16:50:33","date_gmt":"2017-12-28T16:50:33","guid":{"rendered":"https:\/\/twproject.com\/support\/?page_id=3811"},"modified":"2021-08-26T14:22:02","modified_gmt":"2021-08-26T14:22:02","slug":"cruscotto","status":"publish","type":"page","link":"https:\/\/twproject.com\/support\/it\/utilizzo-avanzato\/personalizzazione\/cruscotto\/","title":{"rendered":"Cruscotto"},"content":{"rendered":"<p><img loading=\"lazy\" decoding=\"async\" class=\"alignnone size-full wp-image-4947\" src=\"https:\/\/twproject.com\/support\/wp-content\/uploads\/customiza-pagina.png\" alt=\"\" width=\"1590\" height=\"897\" \/><\/p>\n<p>I cruscotti sono utilizzati per tenere tutti gli aspetti del lavoro sotto controllo.<br \/>\nOgni azienda e ogni utente possono voler tenere sotto controllo informazioni diverse; ogni utente di Twproject pu\u00f2 di default personalizzarsi la sua homepage\/cruscotto.<\/p>\n<p>Un cruscotto (chiamato anche &#8220;pagina&#8221;) \u00e8 composto da un &#8220;template&#8221; (la griglia) e vari widget (chiamati anche &#8220;portlet&#8221;) posizionati in ogni &#8220;box&#8221; della griglia.<\/p>\n<h2>Pagine<\/h2>\n<p>Twproject ha diverse pagine predefinite che \u00e8 possibile personalizzare.<br \/>\nPuoi sempre creare nuove pagine.<\/p>\n<p><img loading=\"lazy\" decoding=\"async\" class=\"alignnone size-full wp-image-5052\" src=\"https:\/\/twproject.com\/support\/wp-content\/uploads\/pages.png\" alt=\"\" width=\"1582\" height=\"551\" \/><\/p>\n<p>Modificando una pagina:<\/p>\n<p><img loading=\"lazy\" decoding=\"async\" class=\"alignnone size-full wp-image-5053\" src=\"https:\/\/twproject.com\/support\/wp-content\/uploads\/page-editor.png\" alt=\"\" width=\"1593\" height=\"694\" \/><\/p>\n<p>Definisci un titolo, un nome, il template (vedi sotto per maggiori informazioni sui template).<\/p>\n<p>Il nome \u00e8 usato per comporre la URL, il titolo \u00e8 quello che viene mostrato nell&#8217;interfaccia utente.<\/p>\n<p>Puoi consentire agli utenti di personalizzarsi o no la loro copia di questa pagina selezionando il relativo check. Puoi anche nascondere la pagina impostando &#8220;non attiva&#8221;.<\/p>\n<p>Puoi impostare i permessi sulla pagina, cos\u00ec la pagina sar\u00e0 disponibile solo per alcuni utenti.<\/p>\n<p>Poi dovrai impostare i contenuti della pagina semplicemnte trascinando i &#8220;widget&#8221; nella griglia.<\/p>\n<p>&nbsp;<\/p>\n<p><strong>Per gli amministratori: <\/strong>gli amministratori avranno una doppia opzione,<span style=\"line-height: 1.5;\"><span style=\"line-height: 1.5;\">\u00a0loro possono cambiare la loro propria pagina o la &#8220;vista di default&#8221; per gli altri operatori, quindi fate attenzione a cosa state modificando.<\/span><\/span><\/p>\n<p>&nbsp;<\/p>\n<h2>Template (la griglia)<\/h2>\n<p>Un template rappresenta la griglia della pagina. Esso dovrebbe contenere le aree in cui trascinare i tuoi widget:<\/p>\n<p><img loading=\"lazy\" decoding=\"async\" class=\"alignnone size-full wp-image-2655\" src=\"https:\/\/twproject.com\/support\/wp-content\/uploads\/screen1100.jpg\" alt=\"screen1100\" width=\"434\" height=\"171\" \/><\/p>\n<p>Qui ci sono due colonne con alcuni box identificati dalla propriet\u00e0 \u201careaname&#8221;. Puoi specificare che alcune aree non sono personalizzabili scrivendo custom=\u201dno\u201d; in questo caso solo l&#8217;amministratore pu\u00f2 trascinarci widget.<\/p>\n<h2>Widgets (portlet)<\/h2>\n<p>I widgets sono le parti che compongono una pagina.<\/p>\n<p><img loading=\"lazy\" decoding=\"async\" class=\"alignnone size-full wp-image-5054\" src=\"https:\/\/twproject.com\/support\/wp-content\/uploads\/portlets.png\" alt=\"\" width=\"1599\" height=\"896\" \/><\/p>\n<p>Trascinali su un box della griglia per comporre la tua pagina.<\/p>\n<p>Offriamo una vasta gamma di widget built-in widgets, ma gli utenti (programmatori Java) possono creare i loro.<\/p>\n<h2>Modificare i widget<\/h2>\n<p>Qui vedrai lo stato dei widget installati.<br \/>\nUn widget \u00e8 un oggetto che riferisce a una pagina\u00a0<strong>.jsp<\/strong>\u00a0contenutta in una cartella specifica (quelli di default sono in [root]\/applications\/teamwork\/portal\/portlets).<\/p>\n<p>Avere un file in quella cartella non \u00e8 sufficiente per usare il widget, devi creare un oggetto &#8220;portlet&#8221; object che punta ad esso.<\/p>\n<p>Nell&#8217;editor del widger puoi cambiare nome e descrizione, rimuovere il widget da dove \u00e8 usato e modificarlo.<\/p>\n<p>Puoi selezionare un file widget dal combo che elenca i file .jsp nella cartella.<\/p>\n<pre>Selezionando \u201cmodalit\u00e0 salvataggio\u201d come \u201cscrittura\u201d potrai cambiare il codice sorgente del widget. Questo richiede capacit\u00e0 Java, non improvvisate :-)<\/pre>\n<p>La sezione \u201cpermessi\u201d consente di limitare l&#8217;uso dei widget a utenti che hanno permessi particolari.<\/p>\n<h2>\u00a0Crea il tuo widgets<\/h2>\n<pre>Devi essere un esperto di Java per creare i tuoi widget.<\/pre>\n<p>Se stai ancora leggendo questa sezione probabilmente non hai visto il disclaimer, comunque&#8230;<\/p>\n<p>Iniziamo con qualcosa di molto semplice: vogliamo creare un widget che mostra una foto satellitare del meteo\u00a0in NE USA.<\/p>\n<p>Per iniziare crea un nuovo file nella cartella [root]\/applications\/teamwork\/customers\/[YOUR_COMPANY_NAME]\/portlets: lo chiameremo \u201cwp_forecast.jsp\u201d.<\/p>\n<p>Here is the content:<\/p>\n<pre>&lt;div class=\"portletBox\"&gt;\r\n&lt;img src=\"http:\/\/media.zenfs.com\/en_us\/weather\/weather.com\/us_nw_9regradar_medium_usen.jpg?1340207025\" alt=\"satellite forecast\"&gt;\r\n&lt;\/div&gt;<\/pre>\n<p>Pi dall&#8217;editor del widget crea un nuov widget: chiamalo \u201cWeather on NE USA\u201d, seziona il file \u201cwp_forecast.jsp\u201d, salvalo.<\/p>\n<pre>Probabilmente riceverai un avvertimento sull'assenza di un parametro di configurazione del widget. Questa \u00e8 una funzionalit\u00e0 pi\u00f9 sofisticata che ti consente di personalizzare i widget con parametri dall'interfaccia web. Studia l'esempio fornito wp_iframe.jsp e wp_iframe_param.jsp<\/pre>\n<p>Puoi cambiare il codice modificandolo \u201con-line\u201d; basta selezionare\u00a0 il radio \u201cscrittura\u201d.<\/p>\n<p>&nbsp;<\/p>\n<p>Il tuo nuovo widget + adesso pronto all&#8217;uso: da \u201cpersonalizza pagina\u201d, trascina il widget nella tua pagina, salva.<\/p>\n<p><img loading=\"lazy\" decoding=\"async\" class=\"alignnone size-full wp-image-2662\" src=\"https:\/\/twproject.com\/support\/wp-content\/uploads\/screen1106.jpg\" alt=\"screen1106\" width=\"371\" height=\"321\" \/><\/p>\n<pre>Ci sono vari widget distribuiti con Twproject che non sono usati di default. Puoi dargli un'occhiata se sei interessato a svilupparne uno nuovo.<\/pre>\n<p>&nbsp;<\/p>\n","protected":false},"excerpt":{"rendered":"<p>I cruscotti sono utilizzati per tenere tutti gli aspetti del lavoro sotto controllo. Ogni azienda e ogni utente possono voler tenere sotto controllo informazioni diverse; ogni utente di Twproject pu\u00f2 di default personalizzarsi la sua homepage\/cruscotto. Un cruscotto (chiamato anche &#8220;pagina&#8221;) \u00e8 composto da un &#8220;template&#8221; (la griglia) e vari widget (chiamati anche &#8220;portlet&#8221;) posizionati [&hellip;]<\/p>\n","protected":false},"author":1,"featured_media":0,"parent":3796,"menu_order":45,"comment_status":"closed","ping_status":"open","template":"","meta":{"footnotes":""},"class_list":["post-3811","page","type-page","status-publish","hentry"],"yoast_head":"<!-- This site is optimized with the Yoast SEO plugin v25.4 - https:\/\/yoast.com\/wordpress\/plugins\/seo\/ -->\n<title>Cruscotto | Twproject support<\/title>\n<meta name=\"description\" content=\"I cruscotti sono utilizzati per tenere tutti gli aspetti del lavoro sotto controllo. Ogni azienda e ogni utente possono voler tenere sotto controllo\" \/>\n<meta name=\"robots\" content=\"index, follow, max-snippet:-1, max-image-preview:large, max-video-preview:-1\" \/>\n<link rel=\"canonical\" href=\"https:\/\/twproject.com\/support\/it\/utilizzo-avanzato\/personalizzazione\/cruscotto\/\" \/>\n<meta property=\"og:locale\" content=\"it_IT\" \/>\n<meta property=\"og:type\" content=\"article\" \/>\n<meta property=\"og:title\" content=\"Cruscotto | Twproject support\" \/>\n<meta property=\"og:description\" content=\"I cruscotti sono utilizzati per tenere tutti gli aspetti del lavoro sotto controllo. Ogni azienda e ogni utente possono voler tenere sotto controllo\" \/>\n<meta property=\"og:url\" content=\"https:\/\/twproject.com\/support\/it\/utilizzo-avanzato\/personalizzazione\/cruscotto\/\" \/>\n<meta property=\"og:site_name\" content=\"Twproject support\" \/>\n<meta property=\"article:publisher\" content=\"https:\/\/www.facebook.com\/twproject\" \/>\n<meta property=\"article:modified_time\" content=\"2021-08-26T14:22:02+00:00\" \/>\n<meta property=\"og:image\" content=\"https:\/\/twproject.com\/support\/wp-content\/uploads\/customiza-pagina.png\" \/>\n\t<meta property=\"og:image:width\" content=\"1590\" \/>\n\t<meta property=\"og:image:height\" content=\"897\" \/>\n\t<meta property=\"og:image:type\" content=\"image\/png\" \/>\n<meta name=\"twitter:label1\" content=\"Tempo di lettura stimato\" \/>\n\t<meta name=\"twitter:data1\" content=\"3 minuti\" \/>\n<script type=\"application\/ld+json\" class=\"yoast-schema-graph\">{\"@context\":\"https:\/\/schema.org\",\"@graph\":[{\"@type\":\"WebPage\",\"@id\":\"https:\/\/twproject.com\/support\/it\/utilizzo-avanzato\/personalizzazione\/cruscotto\/\",\"url\":\"https:\/\/twproject.com\/support\/it\/utilizzo-avanzato\/personalizzazione\/cruscotto\/\",\"name\":\"Cruscotto | Twproject support\",\"isPartOf\":{\"@id\":\"https:\/\/twproject.com\/support\/#website\"},\"primaryImageOfPage\":{\"@id\":\"https:\/\/twproject.com\/support\/it\/utilizzo-avanzato\/personalizzazione\/cruscotto\/#primaryimage\"},\"image\":{\"@id\":\"https:\/\/twproject.com\/support\/it\/utilizzo-avanzato\/personalizzazione\/cruscotto\/#primaryimage\"},\"thumbnailUrl\":\"https:\/\/twproject.com\/support\/wp-content\/uploads\/customiza-pagina.png\",\"datePublished\":\"2017-12-28T16:50:33+00:00\",\"dateModified\":\"2021-08-26T14:22:02+00:00\",\"description\":\"I cruscotti sono utilizzati per tenere tutti gli aspetti del lavoro sotto controllo. Ogni azienda e ogni utente possono voler tenere sotto controllo\",\"breadcrumb\":{\"@id\":\"https:\/\/twproject.com\/support\/it\/utilizzo-avanzato\/personalizzazione\/cruscotto\/#breadcrumb\"},\"inLanguage\":\"it-IT\",\"potentialAction\":[{\"@type\":\"ReadAction\",\"target\":[\"https:\/\/twproject.com\/support\/it\/utilizzo-avanzato\/personalizzazione\/cruscotto\/\"]}]},{\"@type\":\"ImageObject\",\"inLanguage\":\"it-IT\",\"@id\":\"https:\/\/twproject.com\/support\/it\/utilizzo-avanzato\/personalizzazione\/cruscotto\/#primaryimage\",\"url\":\"https:\/\/twproject.com\/support\/wp-content\/uploads\/customiza-pagina.png\",\"contentUrl\":\"https:\/\/twproject.com\/support\/wp-content\/uploads\/customiza-pagina.png\"},{\"@type\":\"BreadcrumbList\",\"@id\":\"https:\/\/twproject.com\/support\/it\/utilizzo-avanzato\/personalizzazione\/cruscotto\/#breadcrumb\",\"itemListElement\":[{\"@type\":\"ListItem\",\"position\":1,\"name\":\"Home\",\"item\":\"https:\/\/twproject.com\/support\/it\/\"},{\"@type\":\"ListItem\",\"position\":2,\"name\":\"Utilizzo avanzato\",\"item\":\"https:\/\/twproject.com\/support\/it\/utilizzo-avanzato\/\"},{\"@type\":\"ListItem\",\"position\":3,\"name\":\"Personalizzazione\",\"item\":\"https:\/\/twproject.com\/support\/it\/utilizzo-avanzato\/personalizzazione\/\"},{\"@type\":\"ListItem\",\"position\":4,\"name\":\"Cruscotto\"}]},{\"@type\":\"WebSite\",\"@id\":\"https:\/\/twproject.com\/support\/#website\",\"url\":\"https:\/\/twproject.com\/support\/\",\"name\":\"Twproject support\",\"description\":\"Twproject documentation online\",\"potentialAction\":[{\"@type\":\"SearchAction\",\"target\":{\"@type\":\"EntryPoint\",\"urlTemplate\":\"https:\/\/twproject.com\/support\/?s={search_term_string}\"},\"query-input\":{\"@type\":\"PropertyValueSpecification\",\"valueRequired\":true,\"valueName\":\"search_term_string\"}}],\"inLanguage\":\"it-IT\"}]}<\/script>\n<!-- \/ Yoast SEO plugin. -->","yoast_head_json":{"title":"Cruscotto | Twproject support","description":"I cruscotti sono utilizzati per tenere tutti gli aspetti del lavoro sotto controllo. Ogni azienda e ogni utente possono voler tenere sotto controllo","robots":{"index":"index","follow":"follow","max-snippet":"max-snippet:-1","max-image-preview":"max-image-preview:large","max-video-preview":"max-video-preview:-1"},"canonical":"https:\/\/twproject.com\/support\/it\/utilizzo-avanzato\/personalizzazione\/cruscotto\/","og_locale":"it_IT","og_type":"article","og_title":"Cruscotto | Twproject support","og_description":"I cruscotti sono utilizzati per tenere tutti gli aspetti del lavoro sotto controllo. Ogni azienda e ogni utente possono voler tenere sotto controllo","og_url":"https:\/\/twproject.com\/support\/it\/utilizzo-avanzato\/personalizzazione\/cruscotto\/","og_site_name":"Twproject support","article_publisher":"https:\/\/www.facebook.com\/twproject","article_modified_time":"2021-08-26T14:22:02+00:00","og_image":[{"width":1590,"height":897,"url":"https:\/\/twproject.com\/support\/wp-content\/uploads\/customiza-pagina.png","type":"image\/png"}],"twitter_misc":{"Tempo di lettura stimato":"3 minuti"},"schema":{"@context":"https:\/\/schema.org","@graph":[{"@type":"WebPage","@id":"https:\/\/twproject.com\/support\/it\/utilizzo-avanzato\/personalizzazione\/cruscotto\/","url":"https:\/\/twproject.com\/support\/it\/utilizzo-avanzato\/personalizzazione\/cruscotto\/","name":"Cruscotto | Twproject support","isPartOf":{"@id":"https:\/\/twproject.com\/support\/#website"},"primaryImageOfPage":{"@id":"https:\/\/twproject.com\/support\/it\/utilizzo-avanzato\/personalizzazione\/cruscotto\/#primaryimage"},"image":{"@id":"https:\/\/twproject.com\/support\/it\/utilizzo-avanzato\/personalizzazione\/cruscotto\/#primaryimage"},"thumbnailUrl":"https:\/\/twproject.com\/support\/wp-content\/uploads\/customiza-pagina.png","datePublished":"2017-12-28T16:50:33+00:00","dateModified":"2021-08-26T14:22:02+00:00","description":"I cruscotti sono utilizzati per tenere tutti gli aspetti del lavoro sotto controllo. Ogni azienda e ogni utente possono voler tenere sotto controllo","breadcrumb":{"@id":"https:\/\/twproject.com\/support\/it\/utilizzo-avanzato\/personalizzazione\/cruscotto\/#breadcrumb"},"inLanguage":"it-IT","potentialAction":[{"@type":"ReadAction","target":["https:\/\/twproject.com\/support\/it\/utilizzo-avanzato\/personalizzazione\/cruscotto\/"]}]},{"@type":"ImageObject","inLanguage":"it-IT","@id":"https:\/\/twproject.com\/support\/it\/utilizzo-avanzato\/personalizzazione\/cruscotto\/#primaryimage","url":"https:\/\/twproject.com\/support\/wp-content\/uploads\/customiza-pagina.png","contentUrl":"https:\/\/twproject.com\/support\/wp-content\/uploads\/customiza-pagina.png"},{"@type":"BreadcrumbList","@id":"https:\/\/twproject.com\/support\/it\/utilizzo-avanzato\/personalizzazione\/cruscotto\/#breadcrumb","itemListElement":[{"@type":"ListItem","position":1,"name":"Home","item":"https:\/\/twproject.com\/support\/it\/"},{"@type":"ListItem","position":2,"name":"Utilizzo avanzato","item":"https:\/\/twproject.com\/support\/it\/utilizzo-avanzato\/"},{"@type":"ListItem","position":3,"name":"Personalizzazione","item":"https:\/\/twproject.com\/support\/it\/utilizzo-avanzato\/personalizzazione\/"},{"@type":"ListItem","position":4,"name":"Cruscotto"}]},{"@type":"WebSite","@id":"https:\/\/twproject.com\/support\/#website","url":"https:\/\/twproject.com\/support\/","name":"Twproject support","description":"Twproject documentation online","potentialAction":[{"@type":"SearchAction","target":{"@type":"EntryPoint","urlTemplate":"https:\/\/twproject.com\/support\/?s={search_term_string}"},"query-input":{"@type":"PropertyValueSpecification","valueRequired":true,"valueName":"search_term_string"}}],"inLanguage":"it-IT"}]}},"_links":{"self":[{"href":"https:\/\/twproject.com\/support\/it\/wp-json\/wp\/v2\/pages\/3811","targetHints":{"allow":["GET"]}}],"collection":[{"href":"https:\/\/twproject.com\/support\/it\/wp-json\/wp\/v2\/pages"}],"about":[{"href":"https:\/\/twproject.com\/support\/it\/wp-json\/wp\/v2\/types\/page"}],"author":[{"embeddable":true,"href":"https:\/\/twproject.com\/support\/it\/wp-json\/wp\/v2\/users\/1"}],"replies":[{"embeddable":true,"href":"https:\/\/twproject.com\/support\/it\/wp-json\/wp\/v2\/comments?post=3811"}],"version-history":[{"count":0,"href":"https:\/\/twproject.com\/support\/it\/wp-json\/wp\/v2\/pages\/3811\/revisions"}],"up":[{"embeddable":true,"href":"https:\/\/twproject.com\/support\/it\/wp-json\/wp\/v2\/pages\/3796"}],"wp:attachment":[{"href":"https:\/\/twproject.com\/support\/it\/wp-json\/wp\/v2\/media?parent=3811"}],"curies":[{"name":"wp","href":"https:\/\/api.w.org\/{rel}","templated":true}]}}