{"id":3612,"date":"2017-12-12T15:06:51","date_gmt":"2017-12-12T15:06:51","guid":{"rendered":"https:\/\/twproject.com\/support\/?page_id=3612"},"modified":"2024-09-24T09:50:15","modified_gmt":"2024-09-24T09:50:15","slug":"costi","status":"publish","type":"page","link":"https:\/\/twproject.com\/support\/it\/usare-twproject\/progetti-e-task\/costi\/","title":{"rendered":"Costi e Ricavi"},"content":{"rendered":"<p>Puoi guardare questo <a href=\"https:\/\/www.youtube.com\/watch?v=6lqcRZ22xBA&amp;list=PL32A8C9C60AEE13FF&amp;index=8\">video tutorial<\/a> per comprendere come gestione costi e ricavi di un progetto,\u00a0oppure seguire le indicazioni di seguito:<\/p>\n<p><img loading=\"lazy\" decoding=\"async\" class=\"alignnone wp-image-5179 size-full\" src=\"https:\/\/twproject.com\/support\/wp-content\/uploads\/2017\/12\/Costs.jpg\" alt=\"\" width=\"1916\" height=\"972\" srcset=\"https:\/\/twproject.com\/support\/wp-content\/uploads\/2017\/12\/Costs.jpg 1916w, https:\/\/twproject.com\/support\/wp-content\/uploads\/2017\/12\/Costs-300x152.jpg 300w, https:\/\/twproject.com\/support\/wp-content\/uploads\/2017\/12\/Costs-768x390.jpg 768w, https:\/\/twproject.com\/support\/wp-content\/uploads\/2017\/12\/Costs-1024x519.jpg 1024w\" sizes=\"auto, (max-width: 1916px) 100vw, 1916px\" \/><\/p>\n<p><strong>Costi<\/strong><br \/>\nIl monitoraggio dei costi \u00e8 un aspetto importante della gestione progetti. In Twproject puoi gestire sia i costi generati dal lavoro delle risorse coinvolte che i costi addizionali.<br \/>\nGli strumenti relativi ai costi sono di default riservati ai Project Manager.<\/p>\n<p>I costi sono tracciati su tutti i progetti e sulle singole fasi, facilmente navigabili dalla WBS, che in caso di anomalie mostrer\u00e0 l&#8217;inconcina rossa accanto alla fase.<\/p>\n<p>Costi e budget delle singole fasi sono raccolti sulla radice, cos\u00ec puoi decidere se tenerli riuniti sul solo padre o inserirli separatamente sui figli.<\/p>\n<p>Anche i costi addizionali \/ budget impostati sulle assegnazioni sono mostrati e considerati nei totali del cruscotto riepilogativo.<\/p>\n<p>I costi aggiuntivi possono essere gestiti direttamente in questa pagina e, se necessario, associati alle singole fasi del progetto. Di solito, qui vengono registrate le spese supplementari relative al lavoro svolto, ma che influenzano i costi complessivi del progetto. Esempi comuni includono acquisti di hardware, licenze software, corsi di formazione, viaggi e altre spese simili.<\/p>\n<p>Se hai inserito un budget di progetto, nel box in basso vedrai un cruscotto riepilogativo con il budget, i costi pianificati e il margine di previsione in rapporto alle previsioni pianificate e effettive.<\/p>\n<p><img loading=\"lazy\" decoding=\"async\" class=\"alignnone wp-image-5101 size-full\" src=\"https:\/\/twproject.com\/support\/wp-content\/uploads\/PlannedCosts.jpg\" alt=\"\" width=\"721\" height=\"158\" \/><\/p>\n<p>In questo esempio il tuo margine di previsione (calcolato da budget e costi pianificati) \u00e8 1392. Questa \u00e8 la prima stima che hai fatto, e probabilmente \u00e8 molto vicina a quanto hai comunicato al tuo cliente.<\/p>\n<p>Poi, in una seconda fase, hai raffinato la tua stima: la seconda riga rappresenta come sta andando in rapporto a quanto pianificato.<\/p>\n<p>L&#8217;ultima riga \u00e8 la situazione attuale ovvero &#8220;reale&#8221;, hai un budget di 2400, hai speso 717.5. Grande!<br \/>\nC&#8217;\u00e8 un margine di 1682,50 meglio di quanto previsto!<\/p>\n<p>Twproject ti permette di aggiungere campi personalizzati sia su budget che su costi addizionali. Tali campi possono essere aggiunti dalla pagina di amministrazione.<\/p>\n<p><strong>Ricavi<\/strong><br \/>\nCon Twproject puoi anche gestire i ricavi ed avere quindi un grafico di cash flow.<\/p>\n<p><img loading=\"lazy\" decoding=\"async\" class=\"alignnone size-full wp-image-4906\" src=\"https:\/\/twproject.com\/support\/wp-content\/uploads\/revenues.png\" alt=\"\" width=\"1599\" height=\"899\" \/><\/p>\n<p>Quello che caratterizza l\u2019analisi del cash flow in Twproject \u00e8 la possibilit\u00e0 di differenziare sempre tra flussi stimati e reali, ovvero &#8220;fatturati&#8221;.<br \/>\nCi\u00f2 vale sia per le uscite che per le entrate.<\/p>\n<p>Infatti, come avviene nella scheda dei costi, anche per quanto riguarda i ricavi potrai aggiungere tutte le entrate previste, ottenendo quindi un probabile andamento di questo cruciale aspetto.<\/p>\n<p><img loading=\"lazy\" decoding=\"async\" class=\"alignnone size-full wp-image-5233\" src=\"https:\/\/twproject.com\/support\/wp-content\/uploads\/2017\/12\/fatture-ricavi-840x230.png\" alt=\"\" width=\"840\" height=\"230\" srcset=\"https:\/\/twproject.com\/support\/wp-content\/uploads\/2017\/12\/fatture-ricavi-840x230.png 840w, https:\/\/twproject.com\/support\/wp-content\/uploads\/2017\/12\/fatture-ricavi-840x230-300x82.png 300w, https:\/\/twproject.com\/support\/wp-content\/uploads\/2017\/12\/fatture-ricavi-840x230-768x210.png 768w\" sizes=\"auto, (max-width: 840px) 100vw, 840px\" \/><\/p>\n<p>Per prima cosa inserisci tutti i ricavi che pensi di ottenere, con una data presunta e se desideri una descrizione.<\/p>\n<p>In un secondo momento inserirai i ricavi effettivi e se vuoi potrai anche allegare il documento di fatturazione.<\/p>\n<p>Twproject ti offre anche la possibilit\u00e0 di convertire velocemente una previsione in un ricavo effettivo con un semplice click se valore e data sono stati rispettati. Questo ti far\u00e0 risparmiare un sacco di tempo!<\/p>\n<p>I ricavi inoltre possono essere inseriti in ogni nodo dell\u2019albero di progetto e il totale sar\u00e0 riportato nel nodo principale alla voce \u201ctotale sui figli\u201d<\/p>\n<p><img loading=\"lazy\" decoding=\"async\" class=\"alignnone size-full wp-image-5234\" src=\"https:\/\/twproject.com\/support\/wp-content\/uploads\/2017\/12\/add_invoice.gif\" alt=\"\" width=\"512\" height=\"322\" \/><\/p>\n<p>Puoi fare una <strong>gestione avanzata dei ricavi<\/strong> tenendo di conto di quanto segue.<\/p>\n<p><strong>Tipologia di ricavi<\/strong>: la pagina dedicata ai ricavi (revenue management) permette di distinguere i ricavi in varie tipologie, che influenzeranno il calcolo riportato nel prospetto:<\/p>\n<ol>\n<li>ricavi legati al profilo di cassa<\/li>\n<li>ricavi legati al completamento della fase<\/li>\n<li>ricavi stimati<\/li>\n<li>ricavi fatturati<\/li>\n<\/ol>\n<figure class=\"wp-block-image size-full\"><img loading=\"lazy\" decoding=\"async\" class=\"wp-image-24343\" src=\"https:\/\/static.twproject.com\/blog\/wp-content\/uploads\/2024\/09\/prospetto-ricavi.png\" sizes=\"auto, (max-width: 709px) 85vw, (max-width: 909px) 67vw, (max-width: 984px) 61vw, (max-width: 1362px) 45vw, 600px\" srcset=\"https:\/\/cdn.twproject.com\/blog\/wp-content\/uploads\/2024\/09\/prospetto-ricavi.png 832w, https:\/\/cdn.twproject.com\/blog\/wp-content\/uploads\/2024\/09\/prospetto-ricavi-400x246.png 400w, https:\/\/cdn.twproject.com\/blog\/wp-content\/uploads\/2024\/09\/prospetto-ricavi-705x434.png 705w\" alt=\"prospetto dei ricavi Twproject\" width=\"832\" height=\"512\" \/><\/figure>\n<ul>\n<li><strong>Inserimento ricavi in percentuale<\/strong>: l\u2019inserimento di un ricavo reale\/fatturato a partire da una stima di fatturazione, tramite l\u2019apposita icona, ora accetta anche un valore in percentuale sul totale stimato.<\/li>\n<\/ul>\n<ul>\n<li><strong>Promemoria fatture<\/strong>: quando viene inserito un ricavo stimato, tramite un checkbox \u00e8 possibile creare in automatico un ToDo di promemoria per l\u2019emissione della fattura.<\/li>\n<\/ul>\n<p><strong>Il diagramma di andamento (flusso di cassa)<\/strong><br \/>\nVia via che inserisci i tuoi dati vedrai comporsi il flusso finanziario o flusso di cassa del tuo progetto con un diagramma lineare che aggrega entrate e uscite.<\/p>\n<p>Inoltre, qui troverai anche il grafico relativo solo all\u2019andamento dei ricavi e che mostra il gap tra reali e stimati.<\/p>\n<p>Ricordati di inserire sempre delle date in modo che i tuoi diagrammi siano quanto pi\u00f9 accurati!<\/p>\n<p>Ricordati che il flusso di cassa \u00e8 visibile in ogni nodo dell\u2019albero per cui non avrai solo un andamento generale del progetto ma anche un dettaglio specifico fase per fase, a seconda di come vorrai tracciare i dati o a seconda di come vorrai gestire la sicurezza.<\/p>\n<p><img loading=\"lazy\" decoding=\"async\" class=\"alignnone size-full wp-image-5235\" src=\"https:\/\/twproject.com\/support\/wp-content\/uploads\/2017\/12\/flussocassa-840x478.png\" alt=\"\" width=\"840\" height=\"478\" srcset=\"https:\/\/twproject.com\/support\/wp-content\/uploads\/2017\/12\/flussocassa-840x478.png 840w, https:\/\/twproject.com\/support\/wp-content\/uploads\/2017\/12\/flussocassa-840x478-300x171.png 300w, https:\/\/twproject.com\/support\/wp-content\/uploads\/2017\/12\/flussocassa-840x478-768x437.png 768w\" sizes=\"auto, (max-width: 840px) 100vw, 840px\" \/><\/p>\n","protected":false},"excerpt":{"rendered":"<p>Puoi guardare questo video tutorial per comprendere come gestione costi e ricavi di un progetto,\u00a0oppure seguire le indicazioni di seguito: Costi Il monitoraggio dei costi \u00e8 un aspetto importante della gestione progetti. In Twproject puoi gestire sia i costi generati dal lavoro delle risorse coinvolte che i costi addizionali. Gli strumenti relativi ai costi sono [&hellip;]<\/p>\n","protected":false},"author":1,"featured_media":0,"parent":3568,"menu_order":25,"comment_status":"closed","ping_status":"open","template":"","meta":{"footnotes":""},"class_list":["post-3612","page","type-page","status-publish","hentry"],"yoast_head":"<!-- This site is optimized with the Yoast SEO plugin v25.4 - https:\/\/yoast.com\/wordpress\/plugins\/seo\/ -->\n<title>Costi e Ricavi | Twproject support<\/title>\n<meta name=\"description\" content=\"Puoi guardare questo video tutorial per comprendere come gestione costi e ricavi di un progetto,\u00a0oppure seguire le indicazioni di seguito: Costi Il\" \/>\n<meta name=\"robots\" content=\"index, follow, max-snippet:-1, max-image-preview:large, max-video-preview:-1\" \/>\n<link rel=\"canonical\" href=\"https:\/\/twproject.com\/support\/it\/usare-twproject\/progetti-e-task\/costi\/\" \/>\n<meta property=\"og:locale\" content=\"it_IT\" \/>\n<meta property=\"og:type\" content=\"article\" \/>\n<meta property=\"og:title\" content=\"Costi e Ricavi | Twproject support\" \/>\n<meta property=\"og:description\" content=\"Puoi guardare questo video tutorial per comprendere come gestione costi e ricavi di un progetto,\u00a0oppure seguire le indicazioni di seguito: Costi Il\" \/>\n<meta property=\"og:url\" content=\"https:\/\/twproject.com\/support\/it\/usare-twproject\/progetti-e-task\/costi\/\" \/>\n<meta property=\"og:site_name\" content=\"Twproject support\" \/>\n<meta property=\"article:publisher\" content=\"https:\/\/www.facebook.com\/twproject\" \/>\n<meta property=\"article:modified_time\" content=\"2024-09-24T09:50:15+00:00\" \/>\n<meta property=\"og:image\" content=\"https:\/\/twproject.com\/support\/wp-content\/uploads\/2017\/12\/Costs.jpg\" \/>\n\t<meta property=\"og:image:width\" content=\"1916\" \/>\n\t<meta property=\"og:image:height\" content=\"972\" \/>\n\t<meta property=\"og:image:type\" content=\"image\/jpeg\" \/>\n<meta name=\"twitter:label1\" content=\"Tempo di lettura stimato\" \/>\n\t<meta name=\"twitter:data1\" content=\"4 minuti\" \/>\n<script type=\"application\/ld+json\" class=\"yoast-schema-graph\">{\"@context\":\"https:\/\/schema.org\",\"@graph\":[{\"@type\":\"WebPage\",\"@id\":\"https:\/\/twproject.com\/support\/it\/usare-twproject\/progetti-e-task\/costi\/\",\"url\":\"https:\/\/twproject.com\/support\/it\/usare-twproject\/progetti-e-task\/costi\/\",\"name\":\"Costi e Ricavi | Twproject support\",\"isPartOf\":{\"@id\":\"https:\/\/twproject.com\/support\/#website\"},\"primaryImageOfPage\":{\"@id\":\"https:\/\/twproject.com\/support\/it\/usare-twproject\/progetti-e-task\/costi\/#primaryimage\"},\"image\":{\"@id\":\"https:\/\/twproject.com\/support\/it\/usare-twproject\/progetti-e-task\/costi\/#primaryimage\"},\"thumbnailUrl\":\"https:\/\/twproject.com\/support\/wp-content\/uploads\/2017\/12\/Costs.jpg\",\"datePublished\":\"2017-12-12T15:06:51+00:00\",\"dateModified\":\"2024-09-24T09:50:15+00:00\",\"description\":\"Puoi guardare questo video tutorial per comprendere come gestione costi e ricavi di un progetto,\u00a0oppure seguire le indicazioni di seguito: Costi Il\",\"breadcrumb\":{\"@id\":\"https:\/\/twproject.com\/support\/it\/usare-twproject\/progetti-e-task\/costi\/#breadcrumb\"},\"inLanguage\":\"it-IT\",\"potentialAction\":[{\"@type\":\"ReadAction\",\"target\":[\"https:\/\/twproject.com\/support\/it\/usare-twproject\/progetti-e-task\/costi\/\"]}]},{\"@type\":\"ImageObject\",\"inLanguage\":\"it-IT\",\"@id\":\"https:\/\/twproject.com\/support\/it\/usare-twproject\/progetti-e-task\/costi\/#primaryimage\",\"url\":\"https:\/\/twproject.com\/support\/wp-content\/uploads\/2017\/12\/Costs.jpg\",\"contentUrl\":\"https:\/\/twproject.com\/support\/wp-content\/uploads\/2017\/12\/Costs.jpg\"},{\"@type\":\"BreadcrumbList\",\"@id\":\"https:\/\/twproject.com\/support\/it\/usare-twproject\/progetti-e-task\/costi\/#breadcrumb\",\"itemListElement\":[{\"@type\":\"ListItem\",\"position\":1,\"name\":\"Home\",\"item\":\"https:\/\/twproject.com\/support\/it\/\"},{\"@type\":\"ListItem\",\"position\":2,\"name\":\"Usare Twproject\",\"item\":\"https:\/\/twproject.com\/support\/it\/usare-twproject\/\"},{\"@type\":\"ListItem\",\"position\":3,\"name\":\"Progetti e fasi\",\"item\":\"https:\/\/twproject.com\/support\/it\/usare-twproject\/progetti-e-task\/\"},{\"@type\":\"ListItem\",\"position\":4,\"name\":\"Costi e Ricavi\"}]},{\"@type\":\"WebSite\",\"@id\":\"https:\/\/twproject.com\/support\/#website\",\"url\":\"https:\/\/twproject.com\/support\/\",\"name\":\"Twproject support\",\"description\":\"Twproject documentation online\",\"potentialAction\":[{\"@type\":\"SearchAction\",\"target\":{\"@type\":\"EntryPoint\",\"urlTemplate\":\"https:\/\/twproject.com\/support\/?s={search_term_string}\"},\"query-input\":{\"@type\":\"PropertyValueSpecification\",\"valueRequired\":true,\"valueName\":\"search_term_string\"}}],\"inLanguage\":\"it-IT\"}]}<\/script>\n<!-- \/ Yoast SEO plugin. -->","yoast_head_json":{"title":"Costi e Ricavi | Twproject support","description":"Puoi guardare questo video tutorial per comprendere come gestione costi e ricavi di un progetto,\u00a0oppure seguire le indicazioni di seguito: Costi Il","robots":{"index":"index","follow":"follow","max-snippet":"max-snippet:-1","max-image-preview":"max-image-preview:large","max-video-preview":"max-video-preview:-1"},"canonical":"https:\/\/twproject.com\/support\/it\/usare-twproject\/progetti-e-task\/costi\/","og_locale":"it_IT","og_type":"article","og_title":"Costi e Ricavi | Twproject support","og_description":"Puoi guardare questo video tutorial per comprendere come gestione costi e ricavi di un progetto,\u00a0oppure seguire le indicazioni di seguito: Costi Il","og_url":"https:\/\/twproject.com\/support\/it\/usare-twproject\/progetti-e-task\/costi\/","og_site_name":"Twproject support","article_publisher":"https:\/\/www.facebook.com\/twproject","article_modified_time":"2024-09-24T09:50:15+00:00","og_image":[{"width":1916,"height":972,"url":"https:\/\/twproject.com\/support\/wp-content\/uploads\/2017\/12\/Costs.jpg","type":"image\/jpeg"}],"twitter_misc":{"Tempo di lettura stimato":"4 minuti"},"schema":{"@context":"https:\/\/schema.org","@graph":[{"@type":"WebPage","@id":"https:\/\/twproject.com\/support\/it\/usare-twproject\/progetti-e-task\/costi\/","url":"https:\/\/twproject.com\/support\/it\/usare-twproject\/progetti-e-task\/costi\/","name":"Costi e Ricavi | Twproject support","isPartOf":{"@id":"https:\/\/twproject.com\/support\/#website"},"primaryImageOfPage":{"@id":"https:\/\/twproject.com\/support\/it\/usare-twproject\/progetti-e-task\/costi\/#primaryimage"},"image":{"@id":"https:\/\/twproject.com\/support\/it\/usare-twproject\/progetti-e-task\/costi\/#primaryimage"},"thumbnailUrl":"https:\/\/twproject.com\/support\/wp-content\/uploads\/2017\/12\/Costs.jpg","datePublished":"2017-12-12T15:06:51+00:00","dateModified":"2024-09-24T09:50:15+00:00","description":"Puoi guardare questo video tutorial per comprendere come gestione costi e ricavi di un progetto,\u00a0oppure seguire le indicazioni di seguito: Costi Il","breadcrumb":{"@id":"https:\/\/twproject.com\/support\/it\/usare-twproject\/progetti-e-task\/costi\/#breadcrumb"},"inLanguage":"it-IT","potentialAction":[{"@type":"ReadAction","target":["https:\/\/twproject.com\/support\/it\/usare-twproject\/progetti-e-task\/costi\/"]}]},{"@type":"ImageObject","inLanguage":"it-IT","@id":"https:\/\/twproject.com\/support\/it\/usare-twproject\/progetti-e-task\/costi\/#primaryimage","url":"https:\/\/twproject.com\/support\/wp-content\/uploads\/2017\/12\/Costs.jpg","contentUrl":"https:\/\/twproject.com\/support\/wp-content\/uploads\/2017\/12\/Costs.jpg"},{"@type":"BreadcrumbList","@id":"https:\/\/twproject.com\/support\/it\/usare-twproject\/progetti-e-task\/costi\/#breadcrumb","itemListElement":[{"@type":"ListItem","position":1,"name":"Home","item":"https:\/\/twproject.com\/support\/it\/"},{"@type":"ListItem","position":2,"name":"Usare Twproject","item":"https:\/\/twproject.com\/support\/it\/usare-twproject\/"},{"@type":"ListItem","position":3,"name":"Progetti e fasi","item":"https:\/\/twproject.com\/support\/it\/usare-twproject\/progetti-e-task\/"},{"@type":"ListItem","position":4,"name":"Costi e Ricavi"}]},{"@type":"WebSite","@id":"https:\/\/twproject.com\/support\/#website","url":"https:\/\/twproject.com\/support\/","name":"Twproject support","description":"Twproject documentation online","potentialAction":[{"@type":"SearchAction","target":{"@type":"EntryPoint","urlTemplate":"https:\/\/twproject.com\/support\/?s={search_term_string}"},"query-input":{"@type":"PropertyValueSpecification","valueRequired":true,"valueName":"search_term_string"}}],"inLanguage":"it-IT"}]}},"_links":{"self":[{"href":"https:\/\/twproject.com\/support\/it\/wp-json\/wp\/v2\/pages\/3612","targetHints":{"allow":["GET"]}}],"collection":[{"href":"https:\/\/twproject.com\/support\/it\/wp-json\/wp\/v2\/pages"}],"about":[{"href":"https:\/\/twproject.com\/support\/it\/wp-json\/wp\/v2\/types\/page"}],"author":[{"embeddable":true,"href":"https:\/\/twproject.com\/support\/it\/wp-json\/wp\/v2\/users\/1"}],"replies":[{"embeddable":true,"href":"https:\/\/twproject.com\/support\/it\/wp-json\/wp\/v2\/comments?post=3612"}],"version-history":[{"count":0,"href":"https:\/\/twproject.com\/support\/it\/wp-json\/wp\/v2\/pages\/3612\/revisions"}],"up":[{"embeddable":true,"href":"https:\/\/twproject.com\/support\/it\/wp-json\/wp\/v2\/pages\/3568"}],"wp:attachment":[{"href":"https:\/\/twproject.com\/support\/it\/wp-json\/wp\/v2\/media?parent=3612"}],"curies":[{"name":"wp","href":"https:\/\/api.w.org\/{rel}","templated":true}]}}