{"id":9624,"date":"2018-01-30T09:25:26","date_gmt":"2018-01-30T09:25:26","guid":{"rendered":"http:\/\/twproject.com\/site\/\/?page_id=9624"},"modified":"2025-07-08T12:38:55","modified_gmt":"2025-07-08T12:38:55","slug":"chat-di-progetto","status":"publish","type":"page","link":"https:\/\/twproject.com\/it\/chat-di-progetto\/","title":{"rendered":"Chat"},"content":{"rendered":"\n<div class=\"wp-block-cover alignfull is-light\"><span aria-hidden=\"true\" class=\"wp-block-cover__background has-background-dim\" style=\"background-color:#8b90a4\"><\/span><img loading=\"lazy\" decoding=\"async\" width=\"1500\" height=\"699\" class=\"wp-block-cover__image-background wp-image-18666\" alt=\"\" src=\"https:\/\/twproject.com\/site\/wp-content\/uploads\/2021\/10\/chat-banner-web-1-1500x699-1.jpg\" data-object-fit=\"cover\" srcset=\"https:\/\/twproject.com\/site\/wp-content\/uploads\/2021\/10\/chat-banner-web-1-1500x699-1.jpg 1500w, https:\/\/twproject.com\/site\/wp-content\/uploads\/2021\/10\/chat-banner-web-1-1500x699-1-630x294.jpg 630w, https:\/\/twproject.com\/site\/wp-content\/uploads\/2021\/10\/chat-banner-web-1-1500x699-1-1030x480.jpg 1030w, https:\/\/twproject.com\/site\/wp-content\/uploads\/2021\/10\/chat-banner-web-1-1500x699-1-705x329.jpg 705w\" sizes=\"auto, (max-width: 1500px) 100vw, 1500px\" \/><div class=\"wp-block-cover__inner-container is-layout-constrained wp-block-cover-is-layout-constrained\">\n<div class=\"wp-block-columns is-layout-flex wp-container-core-columns-is-layout-9d6595d7 wp-block-columns-is-layout-flex\">\n<div class=\"wp-block-column is-vertically-aligned-top is-layout-flow wp-block-column-is-layout-flow\">\n<h1 class=\"wp-block-heading has-main-white-color has-text-color has-link-color wp-elements-c917aff3405c15a84d12809b80954e88\">Comunicare \u00e8 decidere<\/h1>\n\n\n\n<h4 class=\"wp-block-heading has-main-white-color has-text-color has-link-color wp-elements-313af906f878baec534f73195d8c38b2\">Partecipa alla discussione sui tuoi progetti.<br>Comunicare \u00e8 il modo pi\u00f9 semplice per prendere decisioni.<\/h4>\n\n\n\n<div class=\"wp-block-buttons has-custom-font-size has-large-font-size is-layout-flex wp-block-buttons-is-layout-flex\">\n<div class=\"wp-block-button\"><a class=\"wp-block-button__link wp-element-button\">Prova gratis<\/a><\/div>\n\n\n\n<div class=\"wp-block-button is-style-outline is-style-outline--1\"><a class=\"wp-block-button__link wp-element-button\" href=\"https:\/\/twproject.com\/it\/richiedi-una-demo\/\">Richiedi una demo<\/a><\/div>\n<\/div>\n<\/div>\n\n\n\n<div class=\"wp-block-column is-layout-flow wp-block-column-is-layout-flow\">\n<figure class=\"wp-block-image size-full\"><img loading=\"lazy\" decoding=\"async\" width=\"1059\" height=\"1057\" src=\"https:\/\/twproject.com\/site\/wp-content\/uploads\/chat-project.png\" alt=\"\" class=\"wp-image-15423\"\/><\/figure>\n<\/div>\n<\/div>\n<\/div><\/div>\n\n\n\n<div class=\"wp-block-group alignwide customers-slider\"><div class=\"wp-block-group__inner-container is-layout-constrained wp-block-group-is-layout-constrained\">\n<h5 class=\"wp-block-heading has-text-align-center\">Scelto da migliaia di aziende in tutto il mondo<\/h5>\n\n\n\n<figure class=\"wp-block-gallery has-nested-images columns-6 is-cropped wp-block-gallery-2 is-layout-flex wp-block-gallery-is-layout-flex\">\n<figure class=\"wp-block-image size-large\"><img loading=\"lazy\" decoding=\"async\" width=\"180\" height=\"90\" data-id=\"14740\" src=\"https:\/\/twproject.com\/site\/wp-content\/uploads\/Salewa-Logo.png\" alt=\"\" class=\"wp-image-14740\"\/><\/figure>\n\n\n\n<figure class=\"wp-block-image size-large\"><img loading=\"lazy\" decoding=\"async\" width=\"180\" height=\"90\" data-id=\"14756\" src=\"https:\/\/twproject.com\/site\/wp-content\/uploads\/Calzedonia-Logo.png\" alt=\"\" class=\"wp-image-14756\"\/><\/figure>\n\n\n\n<figure class=\"wp-block-image size-large\"><img loading=\"lazy\" decoding=\"async\" width=\"180\" height=\"90\" data-id=\"14734\" src=\"https:\/\/twproject.com\/site\/wp-content\/uploads\/Zucchetti-Logo.png\" alt=\"\" class=\"wp-image-14734\"\/><\/figure>\n\n\n\n<figure class=\"wp-block-image size-large\"><img loading=\"lazy\" decoding=\"async\" width=\"180\" height=\"90\" data-id=\"14750\" src=\"https:\/\/twproject.com\/site\/wp-content\/uploads\/CONTACTLAB-Logo.png\" alt=\"\" class=\"wp-image-14750\"\/><\/figure>\n\n\n\n<figure class=\"wp-block-image size-large\"><img loading=\"lazy\" decoding=\"async\" width=\"180\" height=\"90\" data-id=\"18911\" src=\"https:\/\/twproject.com\/site\/wp-content\/uploads\/2022\/04\/dhl-logo.png\" alt=\"\" class=\"wp-image-18911\"\/><\/figure>\n\n\n\n<figure class=\"wp-block-image size-large\"><img loading=\"lazy\" decoding=\"async\" width=\"180\" height=\"90\" data-id=\"18907\" src=\"https:\/\/twproject.com\/site\/wp-content\/uploads\/2022\/04\/deloitte-logo.png\" alt=\"\" class=\"wp-image-18907\"\/><\/figure>\n\n\n\n<figure class=\"wp-block-image size-large\"><img loading=\"lazy\" decoding=\"async\" width=\"180\" height=\"90\" data-id=\"14736\" src=\"https:\/\/twproject.com\/site\/wp-content\/uploads\/Temera-Logo.png\" alt=\"\" class=\"wp-image-14736\"\/><\/figure>\n\n\n\n<figure class=\"wp-block-image size-large\"><img loading=\"lazy\" decoding=\"async\" width=\"180\" height=\"90\" data-id=\"14752\" src=\"https:\/\/twproject.com\/site\/wp-content\/uploads\/Bizmatica-Logo.png\" alt=\"\" class=\"wp-image-14752\"\/><\/figure>\n\n\n\n<figure class=\"wp-block-image size-large\"><img loading=\"lazy\" decoding=\"async\" width=\"180\" height=\"90\" data-id=\"14732\" src=\"https:\/\/twproject.com\/site\/wp-content\/uploads\/Hetalab-Logo.png\" alt=\"\" class=\"wp-image-14732\"\/><\/figure>\n\n\n\n<figure class=\"wp-block-image size-large\"><img loading=\"lazy\" decoding=\"async\" width=\"180\" height=\"90\" data-id=\"14738\" src=\"https:\/\/twproject.com\/site\/wp-content\/uploads\/Soteco-Logo.png\" alt=\"\" class=\"wp-image-14738\"\/><\/figure>\n\n\n\n<figure class=\"wp-block-image size-large\"><img loading=\"lazy\" decoding=\"async\" width=\"180\" height=\"90\" data-id=\"14746\" src=\"https:\/\/twproject.com\/site\/wp-content\/uploads\/La_Doria-Logo.png\" alt=\"\" class=\"wp-image-14746\"\/><\/figure>\n\n\n\n<figure class=\"wp-block-image size-large\"><img loading=\"lazy\" decoding=\"async\" width=\"180\" height=\"90\" data-id=\"14744\" src=\"https:\/\/twproject.com\/site\/wp-content\/uploads\/2022\/01\/P35-Logo.png\" alt=\"\" class=\"wp-image-14744\"\/><\/figure>\n<\/figure>\n<\/div><\/div>\n\n\n\n<div style=\"height:100px\" aria-hidden=\"true\" class=\"wp-block-spacer\"><\/div>\n\n\n\n<div class=\"wp-block-columns alignfull is-layout-flex wp-container-core-columns-is-layout-9d6595d7 wp-block-columns-is-layout-flex\">\n<div class=\"wp-block-column is-vertically-aligned-center is-layout-flow wp-block-column-is-layout-flow\" style=\"flex-basis:49.43%\">\n<h3 class=\"wp-block-heading\">Chat di Progetto<\/h3>\n\n\n\n<p>Sostituisci tutte le e-mail giornaliere con una chat di progetto integrata. Discuti , decidi e trasforma le decisioni in cose da fare.<br>Tutta la conversazione rimane sul progetto.<\/p>\n\n\n\n<figure class=\"wp-block-image size-full\"><img loading=\"lazy\" decoding=\"async\" width=\"600\" height=\"221\" src=\"https:\/\/twproject.com\/site\/wp-content\/uploads\/graphic-separator-1-1.png\" alt=\"\" class=\"wp-image-23310\"\/><\/figure>\n<\/div>\n\n\n\n<div class=\"wp-block-column is-layout-flow wp-block-column-is-layout-flow\" style=\"flex-basis:50%\"><div class=\"wp-block-image\">\n<figure class=\"alignright size-full\"><img loading=\"lazy\" decoding=\"async\" width=\"1486\" height=\"886\" src=\"https:\/\/twproject.com\/site\/wp-content\/uploads\/twproject_chat_screen_full_gantt-1.png\" alt=\"\" class=\"wp-image-17173\"\/><\/figure><\/div><\/div>\n<\/div>\n\n\n\n<div style=\"height:100px\" aria-hidden=\"true\" class=\"wp-block-spacer\"><\/div>\n\n\n\n<div class=\"wp-block-columns alignfull is-layout-flex wp-container-core-columns-is-layout-9d6595d7 wp-block-columns-is-layout-flex\">\n<div class=\"wp-block-column is-layout-flow wp-block-column-is-layout-flow\" style=\"flex-basis:50%\">\n<figure class=\"wp-block-image size-full\"><img loading=\"lazy\" decoding=\"async\" width=\"1130\" height=\"827\" src=\"https:\/\/twproject.com\/site\/wp-content\/uploads\/chat_add_issue.png\" alt=\"\" class=\"wp-image-15133\"\/><\/figure>\n<\/div>\n\n\n\n<div class=\"wp-block-column is-vertically-aligned-center is-layout-flow wp-block-column-is-layout-flow\" style=\"flex-basis:50%\">\n<figure class=\"wp-block-image size-full\"><img loading=\"lazy\" decoding=\"async\" width=\"600\" height=\"221\" src=\"https:\/\/twproject.com\/site\/wp-content\/uploads\/graphic-separator-2.png\" alt=\"\" class=\"wp-image-23312\"\/><\/figure>\n\n\n\n<h3 class=\"wp-block-heading\">Decidi e Raggiungi i tuoi Obbiettivi<\/h3>\n\n\n\n<p>Quando la conversazione \u00e8 finita e le decisioni sono state prese, trasformale in cose da fare e completa i tuoi progetti. Il tuo team sar\u00e0 pi\u00f9 coeso e allineato sulle cose da fare.<\/p>\n<\/div>\n<\/div>\n\n\n\n<div style=\"height:100px\" aria-hidden=\"true\" class=\"wp-block-spacer\"><\/div>\n\n\n","protected":false},"excerpt":{"rendered":"<p>Chat di Progetto Sostituisci tutte le e-mail giornaliere con una chat di progetto integrata. Discuti , decidi e trasforma le decisioni in cose da fare.Tutta la conversazione rimane sul progetto. Decidi e Raggiungi i tuoi Obbiettivi Quando la conversazione \u00e8 finita e le decisioni sono state prese, trasformale in cose da fare e completa i [&hellip;]<\/p>\n","protected":false},"author":1,"featured_media":0,"parent":0,"menu_order":18,"comment_status":"closed","ping_status":"closed","template":"","meta":{"footnotes":""},"class_list":["post-9624","page","type-page","status-publish","hentry"],"yoast_head":"<!-- This site is optimized with the Yoast SEO plugin v25.4 - https:\/\/yoast.com\/wordpress\/plugins\/seo\/ -->\n<title>Chat di Progetto Integrata - Twproject Project Management Software<\/title>\n<meta name=\"description\" content=\"Inizia adesso a comunicare in modo semplice con il tuo team. Crea chat di progetto e trasforma la conversazione in decisioni e le decisioni in cose da fare.\" \/>\n<meta name=\"robots\" content=\"index, follow, max-snippet:-1, max-image-preview:large, max-video-preview:-1\" \/>\n<link rel=\"canonical\" href=\"https:\/\/twproject.com\/it\/chat-di-progetto\/\" \/>\n<meta property=\"og:locale\" content=\"it_IT\" \/>\n<meta property=\"og:type\" content=\"article\" \/>\n<meta property=\"og:title\" content=\"Chat di Progetto Integrata - Twproject Project Management Software\" \/>\n<meta property=\"og:description\" content=\"Inizia adesso a comunicare in modo semplice con il tuo team. Crea chat di progetto e trasforma la conversazione in decisioni e le decisioni in cose da fare.\" \/>\n<meta property=\"og:url\" content=\"https:\/\/twproject.com\/it\/chat-di-progetto\/\" \/>\n<meta property=\"og:site_name\" content=\"Twproject: project management software, bug tracking, time tracking, planning\" \/>\n<meta property=\"article:publisher\" content=\"http:\/\/facebook.com\/twproject\" \/>\n<meta property=\"article:modified_time\" content=\"2025-07-08T12:38:55+00:00\" \/>\n<meta property=\"og:image\" content=\"https:\/\/twproject.com\/site\/wp-content\/uploads\/2021\/10\/chat-banner-web-1-1500x699-1.jpg\" \/>\n\t<meta property=\"og:image:width\" content=\"1500\" \/>\n\t<meta property=\"og:image:height\" content=\"699\" \/>\n\t<meta property=\"og:image:type\" content=\"image\/jpeg\" \/>\n<meta name=\"twitter:card\" content=\"summary_large_image\" \/>\n<meta name=\"twitter:site\" content=\"@twprojectnews\" \/>\n<meta name=\"twitter:label1\" content=\"Tempo di lettura stimato\" \/>\n\t<meta name=\"twitter:data1\" content=\"5 minuti\" \/>\n<script type=\"application\/ld+json\" class=\"yoast-schema-graph\">{\"@context\":\"https:\/\/schema.org\",\"@graph\":[{\"@type\":\"WebPage\",\"@id\":\"https:\/\/twproject.com\/it\/chat-di-progetto\/\",\"url\":\"https:\/\/twproject.com\/it\/chat-di-progetto\/\",\"name\":\"Chat di Progetto Integrata - Twproject Project Management Software\",\"isPartOf\":{\"@id\":\"https:\/\/twproject.com\/#website\"},\"primaryImageOfPage\":{\"@id\":\"https:\/\/twproject.com\/it\/chat-di-progetto\/#primaryimage\"},\"image\":{\"@id\":\"https:\/\/twproject.com\/it\/chat-di-progetto\/#primaryimage\"},\"thumbnailUrl\":\"https:\/\/twproject.com\/site\/wp-content\/uploads\/2021\/10\/chat-banner-web-1-1500x699-1.jpg\",\"datePublished\":\"2018-01-30T09:25:26+00:00\",\"dateModified\":\"2025-07-08T12:38:55+00:00\",\"description\":\"Inizia adesso a comunicare in modo semplice con il tuo team. Crea chat di progetto e trasforma la conversazione in decisioni e le decisioni in cose da fare.\",\"breadcrumb\":{\"@id\":\"https:\/\/twproject.com\/it\/chat-di-progetto\/#breadcrumb\"},\"inLanguage\":\"it-IT\",\"potentialAction\":[{\"@type\":\"ReadAction\",\"target\":[\"https:\/\/twproject.com\/it\/chat-di-progetto\/\"]}]},{\"@type\":\"ImageObject\",\"inLanguage\":\"it-IT\",\"@id\":\"https:\/\/twproject.com\/it\/chat-di-progetto\/#primaryimage\",\"url\":\"https:\/\/twproject.com\/site\/wp-content\/uploads\/2021\/10\/chat-banner-web-1-1500x699-1.jpg\",\"contentUrl\":\"https:\/\/twproject.com\/site\/wp-content\/uploads\/2021\/10\/chat-banner-web-1-1500x699-1.jpg\"},{\"@type\":\"BreadcrumbList\",\"@id\":\"https:\/\/twproject.com\/it\/chat-di-progetto\/#breadcrumb\",\"itemListElement\":[{\"@type\":\"ListItem\",\"position\":1,\"name\":\"Home\",\"item\":\"https:\/\/twproject.com\/it\/\"},{\"@type\":\"ListItem\",\"position\":2,\"name\":\"Chat\"}]},{\"@type\":\"WebSite\",\"@id\":\"https:\/\/twproject.com\/#website\",\"url\":\"https:\/\/twproject.com\/\",\"name\":\"Twproject: project management software, resource management, time tracking, planning, Gantt, Kanban\",\"description\":\"Twproject is a full featured web based project management software that gives you full visibility and control over your projects.Twproject is also a time tracking software, a bug tracking software, a project planning software.\",\"publisher\":{\"@id\":\"https:\/\/twproject.com\/#organization\"},\"potentialAction\":[{\"@type\":\"SearchAction\",\"target\":{\"@type\":\"EntryPoint\",\"urlTemplate\":\"https:\/\/twproject.com\/?s={search_term_string}\"},\"query-input\":{\"@type\":\"PropertyValueSpecification\",\"valueRequired\":true,\"valueName\":\"search_term_string\"}}],\"inLanguage\":\"it-IT\"},{\"@type\":\"Organization\",\"@id\":\"https:\/\/twproject.com\/#organization\",\"name\":\"Twproject: project management software, resource management, time tracking, planning, Gantt, Kanban\",\"url\":\"https:\/\/twproject.com\/\",\"logo\":{\"@type\":\"ImageObject\",\"inLanguage\":\"it-IT\",\"@id\":\"https:\/\/twproject.com\/#\/schema\/logo\/image\/\",\"url\":\"https:\/\/twproject.com\/site\/wp-content\/uploads\/tw-logo-1.png\",\"contentUrl\":\"https:\/\/twproject.com\/site\/wp-content\/uploads\/tw-logo-1.png\",\"width\":250,\"height\":70,\"caption\":\"Twproject: project management software, resource management, time tracking, planning, Gantt, Kanban\"},\"image\":{\"@id\":\"https:\/\/twproject.com\/#\/schema\/logo\/image\/\"},\"sameAs\":[\"http:\/\/facebook.com\/twproject\",\"https:\/\/x.com\/twprojectnews\",\"https:\/\/www.youtube.com\/@Twproject\",\"https:\/\/www.linkedin.com\/company\/twproject\",\"https:\/\/www.instagram.com\/twprojectsoftware\/\"]}]}<\/script>\n<!-- \/ Yoast SEO plugin. -->","yoast_head_json":{"title":"Chat di Progetto Integrata - Twproject Project Management Software","description":"Inizia adesso a comunicare in modo semplice con il tuo team. Crea chat di progetto e trasforma la conversazione in decisioni e le decisioni in cose da fare.","robots":{"index":"index","follow":"follow","max-snippet":"max-snippet:-1","max-image-preview":"max-image-preview:large","max-video-preview":"max-video-preview:-1"},"canonical":"https:\/\/twproject.com\/it\/chat-di-progetto\/","og_locale":"it_IT","og_type":"article","og_title":"Chat di Progetto Integrata - Twproject Project Management Software","og_description":"Inizia adesso a comunicare in modo semplice con il tuo team. Crea chat di progetto e trasforma la conversazione in decisioni e le decisioni in cose da fare.","og_url":"https:\/\/twproject.com\/it\/chat-di-progetto\/","og_site_name":"Twproject: project management software, bug tracking, time tracking, planning","article_publisher":"http:\/\/facebook.com\/twproject","article_modified_time":"2025-07-08T12:38:55+00:00","og_image":[{"width":1500,"height":699,"url":"https:\/\/twproject.com\/site\/wp-content\/uploads\/2021\/10\/chat-banner-web-1-1500x699-1.jpg","type":"image\/jpeg"}],"twitter_card":"summary_large_image","twitter_site":"@twprojectnews","twitter_misc":{"Tempo di lettura stimato":"5 minuti"},"schema":{"@context":"https:\/\/schema.org","@graph":[{"@type":"WebPage","@id":"https:\/\/twproject.com\/it\/chat-di-progetto\/","url":"https:\/\/twproject.com\/it\/chat-di-progetto\/","name":"Chat di Progetto Integrata - Twproject Project Management Software","isPartOf":{"@id":"https:\/\/twproject.com\/#website"},"primaryImageOfPage":{"@id":"https:\/\/twproject.com\/it\/chat-di-progetto\/#primaryimage"},"image":{"@id":"https:\/\/twproject.com\/it\/chat-di-progetto\/#primaryimage"},"thumbnailUrl":"https:\/\/twproject.com\/site\/wp-content\/uploads\/2021\/10\/chat-banner-web-1-1500x699-1.jpg","datePublished":"2018-01-30T09:25:26+00:00","dateModified":"2025-07-08T12:38:55+00:00","description":"Inizia adesso a comunicare in modo semplice con il tuo team. Crea chat di progetto e trasforma la conversazione in decisioni e le decisioni in cose da fare.","breadcrumb":{"@id":"https:\/\/twproject.com\/it\/chat-di-progetto\/#breadcrumb"},"inLanguage":"it-IT","potentialAction":[{"@type":"ReadAction","target":["https:\/\/twproject.com\/it\/chat-di-progetto\/"]}]},{"@type":"ImageObject","inLanguage":"it-IT","@id":"https:\/\/twproject.com\/it\/chat-di-progetto\/#primaryimage","url":"https:\/\/twproject.com\/site\/wp-content\/uploads\/2021\/10\/chat-banner-web-1-1500x699-1.jpg","contentUrl":"https:\/\/twproject.com\/site\/wp-content\/uploads\/2021\/10\/chat-banner-web-1-1500x699-1.jpg"},{"@type":"BreadcrumbList","@id":"https:\/\/twproject.com\/it\/chat-di-progetto\/#breadcrumb","itemListElement":[{"@type":"ListItem","position":1,"name":"Home","item":"https:\/\/twproject.com\/it\/"},{"@type":"ListItem","position":2,"name":"Chat"}]},{"@type":"WebSite","@id":"https:\/\/twproject.com\/#website","url":"https:\/\/twproject.com\/","name":"Twproject: project management software, resource management, time tracking, planning, Gantt, Kanban","description":"Twproject is a full featured web based project management software that gives you full visibility and control over your projects.Twproject is also a time tracking software, a bug tracking software, a project planning software.","publisher":{"@id":"https:\/\/twproject.com\/#organization"},"potentialAction":[{"@type":"SearchAction","target":{"@type":"EntryPoint","urlTemplate":"https:\/\/twproject.com\/?s={search_term_string}"},"query-input":{"@type":"PropertyValueSpecification","valueRequired":true,"valueName":"search_term_string"}}],"inLanguage":"it-IT"},{"@type":"Organization","@id":"https:\/\/twproject.com\/#organization","name":"Twproject: project management software, resource management, time tracking, planning, Gantt, Kanban","url":"https:\/\/twproject.com\/","logo":{"@type":"ImageObject","inLanguage":"it-IT","@id":"https:\/\/twproject.com\/#\/schema\/logo\/image\/","url":"https:\/\/twproject.com\/site\/wp-content\/uploads\/tw-logo-1.png","contentUrl":"https:\/\/twproject.com\/site\/wp-content\/uploads\/tw-logo-1.png","width":250,"height":70,"caption":"Twproject: project management software, resource management, time tracking, planning, Gantt, Kanban"},"image":{"@id":"https:\/\/twproject.com\/#\/schema\/logo\/image\/"},"sameAs":["http:\/\/facebook.com\/twproject","https:\/\/x.com\/twprojectnews","https:\/\/www.youtube.com\/@Twproject","https:\/\/www.linkedin.com\/company\/twproject","https:\/\/www.instagram.com\/twprojectsoftware\/"]}]}},"ol_post_meta":"","_links":{"self":[{"href":"https:\/\/twproject.com\/it\/wp-json\/wp\/v2\/pages\/9624","targetHints":{"allow":["GET"]}}],"collection":[{"href":"https:\/\/twproject.com\/it\/wp-json\/wp\/v2\/pages"}],"about":[{"href":"https:\/\/twproject.com\/it\/wp-json\/wp\/v2\/types\/page"}],"author":[{"embeddable":true,"href":"https:\/\/twproject.com\/it\/wp-json\/wp\/v2\/users\/1"}],"replies":[{"embeddable":true,"href":"https:\/\/twproject.com\/it\/wp-json\/wp\/v2\/comments?post=9624"}],"version-history":[{"count":2,"href":"https:\/\/twproject.com\/it\/wp-json\/wp\/v2\/pages\/9624\/revisions"}],"predecessor-version":[{"id":24927,"href":"https:\/\/twproject.com\/it\/wp-json\/wp\/v2\/pages\/9624\/revisions\/24927"}],"wp:attachment":[{"href":"https:\/\/twproject.com\/it\/wp-json\/wp\/v2\/media?parent=9624"}],"curies":[{"name":"wp","href":"https:\/\/api.w.org\/{rel}","templated":true}]}}