{"id":9499,"date":"2015-03-20T17:06:57","date_gmt":"2015-03-20T17:06:57","guid":{"rendered":"http:\/\/twproject.com\/site\/\/eventi-copy\/"},"modified":"2026-03-05T12:57:32","modified_gmt":"2026-03-05T12:57:32","slug":"richiedi-una-demo","status":"publish","type":"page","link":"https:\/\/twproject.com\/it\/richiedi-una-demo\/","title":{"rendered":"request-demo"},"content":{"rendered":"\n<div class=\"wp-block-columns alignwide is-layout-flex wp-container-core-columns-is-layout-9d6595d7 wp-block-columns-is-layout-flex\">\n<div class=\"wp-block-column is-layout-flow wp-block-column-is-layout-flow\">\n<h1 class=\"wp-block-heading\">Prenota subito una demo live gratuita<\/h1>\n\n\n\n<h4 class=\"wp-block-heading\">Scegli lo slot che preferisci per parlare con un nostro esperto che in base alle tue esigenze ti mostrer\u00e0 come Twproject pu\u00f2 risolverle.<\/h4>\n\n\n\n<p>Scopriamo insieme come Twproject affronta le tue sfide quotidiane, non le storie di altri, analizziamo insieme il tuo caso d\u2019uso!<\/p>\n\n\n\n<p>Alla fine della demo avrai chiaro se \u00e8 lo strumento giusto e avrai risparmiato un sacco di tempo!<\/p>\n\n\n\n<div style=\"height:40px\" aria-hidden=\"true\" class=\"wp-block-spacer\"><\/div>\n\n\n\n<figure class=\"wp-block-image size-full\"><img loading=\"lazy\" decoding=\"async\" width=\"623\" height=\"393\" src=\"https:\/\/twproject.com\/site\/wp-content\/uploads\/2022\/01\/demo-blink.gif\" alt=\"\" class=\"wp-image-19476\"\/><\/figure>\n<\/div>\n\n\n\n<div class=\"wp-block-column is-layout-flow wp-block-column-is-layout-flow\" id=\"form-box\">\n<div style=\"height:50px\" aria-hidden=\"true\" class=\"wp-block-spacer\"><\/div>\n\n\n\n<div class=\"calendly-inline-widget\" style=\"position: relative;min-width: 320px; height: 760px; box-shadow: 0 0 10px 0 #e5e5e5; margin-left: 6%;\" data-url=\"https:\/\/calendly.com\/twproject-demo\/demo?hide_event_type_details=1&amp;hide_gdpr_banner=1\" data-processed=\"true\"><div class=\"calendly-spinner\"><div class=\"calendly-bounce1\"><\/div><div class=\"calendly-bounce2\"><\/div><div class=\"calendly-bounce3\"><\/div><\/div><iframe loading=\"lazy\" data-cmp-ab=\"2\" src=\"https:\/\/calendly.com\/twproject-demo\/demo?embed_domain=twproject.com&amp;embed_type=Inline&amp;hide_event_type_details=1&amp;hide_gdpr_banner=1\" width=\"100%\" height=\"100%\" frameborder=\"0\" title=\"Select a Date &amp; Time - Calendly\" data-cmp-info=\"8\"><\/iframe><\/div>\n<\/div>\n<\/div>\n\n\n\n<div style=\"height:50px\" aria-hidden=\"true\" class=\"wp-block-spacer\"><\/div>\n\n\n\n<div class=\"wp-block-group alignwide customers-slider\"><div class=\"wp-block-group__inner-container is-layout-constrained wp-block-group-is-layout-constrained\">\n<h5 class=\"wp-block-heading has-text-align-center\">Scelto da migliaia di aziende in tutto il mondo<\/h5>\n\n\n\n<figure class=\"wp-block-gallery has-nested-images columns-6 is-cropped wp-block-gallery-1 is-layout-flex wp-block-gallery-is-layout-flex\">\n<figure class=\"wp-block-image size-large\"><img loading=\"lazy\" decoding=\"async\" width=\"180\" height=\"90\" data-id=\"14740\" src=\"https:\/\/twproject.com\/site\/wp-content\/uploads\/Salewa-Logo.png\" alt=\"\" class=\"wp-image-14740\"\/><\/figure>\n\n\n\n<figure class=\"wp-block-image size-large\"><img loading=\"lazy\" decoding=\"async\" width=\"180\" height=\"90\" data-id=\"14756\" src=\"https:\/\/twproject.com\/site\/wp-content\/uploads\/Calzedonia-Logo.png\" alt=\"\" class=\"wp-image-14756\"\/><\/figure>\n\n\n\n<figure class=\"wp-block-image size-large\"><img loading=\"lazy\" decoding=\"async\" width=\"180\" height=\"90\" data-id=\"14734\" src=\"https:\/\/twproject.com\/site\/wp-content\/uploads\/Zucchetti-Logo.png\" alt=\"\" class=\"wp-image-14734\"\/><\/figure>\n\n\n\n<figure class=\"wp-block-image size-large\"><img loading=\"lazy\" decoding=\"async\" width=\"180\" height=\"90\" data-id=\"14750\" src=\"https:\/\/twproject.com\/site\/wp-content\/uploads\/CONTACTLAB-Logo.png\" alt=\"\" class=\"wp-image-14750\"\/><\/figure>\n\n\n\n<figure class=\"wp-block-image size-large\"><img loading=\"lazy\" decoding=\"async\" width=\"180\" height=\"90\" data-id=\"18911\" src=\"https:\/\/twproject.com\/site\/wp-content\/uploads\/2022\/04\/dhl-logo.png\" alt=\"\" class=\"wp-image-18911\"\/><\/figure>\n\n\n\n<figure class=\"wp-block-image size-large\"><img loading=\"lazy\" decoding=\"async\" width=\"180\" height=\"90\" data-id=\"18907\" src=\"https:\/\/twproject.com\/site\/wp-content\/uploads\/2022\/04\/deloitte-logo.png\" alt=\"\" class=\"wp-image-18907\"\/><\/figure>\n\n\n\n<figure class=\"wp-block-image size-large\"><img loading=\"lazy\" decoding=\"async\" width=\"180\" height=\"90\" data-id=\"14736\" src=\"https:\/\/twproject.com\/site\/wp-content\/uploads\/Temera-Logo.png\" alt=\"\" class=\"wp-image-14736\"\/><\/figure>\n\n\n\n<figure class=\"wp-block-image size-large\"><img loading=\"lazy\" decoding=\"async\" width=\"180\" height=\"90\" data-id=\"14752\" src=\"https:\/\/twproject.com\/site\/wp-content\/uploads\/Bizmatica-Logo.png\" alt=\"\" class=\"wp-image-14752\"\/><\/figure>\n\n\n\n<figure class=\"wp-block-image size-large\"><img loading=\"lazy\" decoding=\"async\" width=\"180\" height=\"90\" data-id=\"14732\" src=\"https:\/\/twproject.com\/site\/wp-content\/uploads\/Hetalab-Logo.png\" alt=\"\" class=\"wp-image-14732\"\/><\/figure>\n\n\n\n<figure class=\"wp-block-image size-large\"><img loading=\"lazy\" decoding=\"async\" width=\"180\" height=\"90\" data-id=\"14738\" src=\"https:\/\/twproject.com\/site\/wp-content\/uploads\/Soteco-Logo.png\" alt=\"\" class=\"wp-image-14738\"\/><\/figure>\n\n\n\n<figure class=\"wp-block-image size-large\"><img loading=\"lazy\" decoding=\"async\" width=\"180\" height=\"90\" data-id=\"14746\" src=\"https:\/\/twproject.com\/site\/wp-content\/uploads\/La_Doria-Logo.png\" alt=\"\" class=\"wp-image-14746\"\/><\/figure>\n\n\n\n<figure class=\"wp-block-image size-large\"><img loading=\"lazy\" decoding=\"async\" width=\"180\" height=\"90\" data-id=\"14744\" src=\"https:\/\/twproject.com\/site\/wp-content\/uploads\/2022\/01\/P35-Logo.png\" alt=\"\" class=\"wp-image-14744\"\/><\/figure>\n<\/figure>\n<\/div><\/div>\n\n\n\n<div style=\"height:50px\" aria-hidden=\"true\" class=\"wp-block-spacer\"><\/div>\n\n\n\n<div class=\"wp-block-columns alignwide animate is-layout-flex wp-container-core-columns-is-layout-9d6595d7 wp-block-columns-is-layout-flex\">\n<div class=\"wp-block-column is-vertically-aligned-center is-layout-flow wp-block-column-is-layout-flow\">\n<h3 class=\"wp-block-heading\">Non perdere tempo<\/h3>\n\n\n\n<p>Twproject copre tutte le tue esigenze? Invece di scoprirlo da solo dedicando tempo ed energie alla versione trial, tra video e guide online, parliamone insieme! Noi aiutiamo centinaia di aziende come la tua ogni giorno e sapremo indirizzarti su ci\u00f2 che ti serve<\/p>\n<\/div>\n\n\n\n<div class=\"wp-block-column is-layout-flow wp-block-column-is-layout-flow\">\n<figure class=\"wp-block-image size-full\"><img loading=\"lazy\" decoding=\"async\" width=\"609\" height=\"392\" src=\"https:\/\/twproject.com\/site\/wp-content\/uploads\/2023\/01\/demo-live-2.jpg\" alt=\"\" class=\"wp-image-19478\"\/><\/figure>\n<\/div>\n<\/div>\n\n\n\n<div style=\"height:100px\" aria-hidden=\"true\" class=\"wp-block-spacer\"><\/div>\n\n\n\n<div class=\"wp-block-columns alignwide are-vertically-aligned-center animate is-layout-flex wp-container-core-columns-is-layout-9d6595d7 wp-block-columns-is-layout-flex\">\n<div class=\"wp-block-column is-vertically-aligned-center is-layout-flow wp-block-column-is-layout-flow\">\n<figure class=\"wp-block-image size-full\"><img loading=\"lazy\" decoding=\"async\" width=\"609\" height=\"392\" src=\"https:\/\/twproject.com\/site\/wp-content\/uploads\/2023\/01\/demo-live-3.jpg\" alt=\"\" class=\"wp-image-19480\"\/><\/figure>\n<\/div>\n\n\n\n<div class=\"wp-block-column is-vertically-aligned-center is-layout-flow wp-block-column-is-layout-flow\">\n<h3 class=\"wp-block-heading\">Ogni azienda \u00e8 un mondo a se<\/h3>\n\n\n\n<p>I nostri esperti sapranno rispondere a tutte le tue domande, descrivici i tuoi processi e vedremo come mapparli in Twproject in modo pratico e funzionale. Il nostro obiettivo \u00e8 renderti la vita pi\u00f9 semplice!<\/p>\n<\/div>\n<\/div>\n\n\n\n<div style=\"height:100px\" aria-hidden=\"true\" class=\"wp-block-spacer\"><\/div>\n\n\n\n<div class=\"wp-block-columns alignfull cta-full has-light-blue-background-color has-background is-layout-flex wp-container-core-columns-is-layout-9d6595d7 wp-block-columns-is-layout-flex\">\n<div class=\"wp-block-column is-layout-flow wp-block-column-is-layout-flow\">\n<h3 class=\"wp-block-heading has-text-align-center\">Il modo pi\u00f9 semplice per capire se \u00e8 il prodotto giusto per te<\/h3>\n\n\n\n<div class=\"wp-block-buttons is-content-justification-center is-layout-flex wp-container-core-buttons-is-layout-16018d1d wp-block-buttons-is-layout-flex\">\n<div class=\"wp-block-button\"><a class=\"wp-block-button__link wp-element-button\" href=\"#form-box\">Prenota subito<\/a><\/div>\n<\/div>\n\n\n\n<p class=\"has-text-align-center\">Preferisci provare da solo? <a href=\"https:\/\/demo.twproject.com\/applications\/teamwork\/welcome\/createUserEnvironment.jsp\" target=\"_blank\" rel=\"noreferrer noopener\">Iscriviti gratis<\/a><\/p>\n<\/div>\n<\/div>\n\n\n\n<div style=\"height:50px\" aria-hidden=\"true\" class=\"wp-block-spacer\"><\/div>\n\n\n\n<div class=\"wp-block-columns alignwide is-layout-flex wp-container-core-columns-is-layout-9d6595d7 wp-block-columns-is-layout-flex\">\n<div class=\"wp-block-column is-layout-flow wp-block-column-is-layout-flow\">\n<h3 class=\"wp-block-heading has-text-align-center\">Cosa dicono di noi su Capterra<\/h3>\n\n\n<div id='OL-TSM-PQT0IR-HR0SR0' class='ol-testimonials-block capterra alignwide' ><div class=\"ol-testimonials-content\"><div class='ol-testimonial-item link-all-block'><p class='testimonial-author-image'><img src='https:\/\/twproject.com\/site\/wp-content\/uploads\/five-stars.png'><\/p><div class='testimonial-content'>\nTwproject mi ha permesso di avere una visione chiara e costante su tempi, risorse e costi dei progetti, riducendo l\u2019improvvisazione e aumentando il controllo operativo. \u00c8 uno strumento solido, pensato per realt\u00e0 che gestiscono progetti articolati e che vogliono passare da una gestione \u201creattiva\u201d a &#8230;<p class='testimonial-company'>Davide M. &#8211; CMO Marketing and Advertising<\/p><p class='testimonial-author'>February 23, 2026<\/p><p class='testimonial-url' style='display: none'><a href='https:\/\/www.capterra.com\/p\/71950\/Twproject\/#Capterra___7100418' target='_blank'>https:\/\/www.capterra.com\/p\/71950\/Twproject\/#Capterra___7100418<\/a><\/p><\/div><\/div><div class='ol-testimonial-item link-all-block'><p class='testimonial-author-image'><img src='https:\/\/twproject.com\/site\/wp-content\/uploads\/five-stars.png'><\/p><div class='testimonial-content'>\nMolto soddisfatti dell&#8217;esperienza generale. Anche il nostro team ha vissuto bene il passaggio dal precedente gestionale a Twproject grazie alla semplicit\u00e0 d&#8217;utilizzo. Ottima anche l&#8217;assistenza clienti, sempre reattiva anche nel rispondere alle nostre domande.\n<p class='testimonial-company'>Maria Chiara P. &#8211; Project manager Marketing and Advertising<\/p><p class='testimonial-author'>October 20, 2025<\/p><p class='testimonial-url' style='display: none'><a href='https:\/\/www.capterra.com\/p\/71950\/Twproject\/#Capterra___7030046' target='_blank'>https:\/\/www.capterra.com\/p\/71950\/Twproject\/#Capterra___7030046<\/a><\/p><\/div><\/div><div class='ol-testimonial-item link-all-block'><p class='testimonial-author-image'><img src='https:\/\/twproject.com\/site\/wp-content\/uploads\/four-stars.png'><\/p><div class='testimonial-content'>\nComplessivamente \u00e8 uno strumento molto utile sia per la gestione di nuovi progetti sia per la gestione delle scadenze sulla produzione seriale. Inoltre essendo semplice ed accessibile a tutti \u00e8 uno strumento che viene utilizzato quotidianamente da tutta l&#8217;azienda.\n<p class='testimonial-company'>LUCA M. &#8211; Project manager, Resp. Uff. Tecnico Mechanical or Industrial Engineering<\/p><p class='testimonial-author'>September 25, 2025<\/p><p class='testimonial-url' style='display: none'><a href='https:\/\/www.capterra.com\/p\/71950\/Twproject\/#Capterra___7015587' target='_blank'>https:\/\/www.capterra.com\/p\/71950\/Twproject\/#Capterra___7015587<\/a><\/p><\/div><\/div><div class='ol-testimonial-item link-all-block'><p class='testimonial-author-image'><img src='https:\/\/twproject.com\/site\/wp-content\/uploads\/five-stars.png'><\/p><div class='testimonial-content'>\nCercavo un software di Project Management che avesse il gantt e dopo numerose ricerche e prove che non mi soddisfacevano , ho trovato Twproject! Sono gi\u00e0 oltre 2 anni che utiilzzo il software. Per chi come me gestisce team distribuiti e progetti diversificati \u00e8 un supporto pazzesco.\n<p class='testimonial-company'>Luigia G. &#8211; Innovation Manager Marketing and Advertising<\/p><p class='testimonial-author'>July 19, 2024<\/p><p class='testimonial-url' style='display: none'><a href='https:\/\/www.capterra.com\/p\/71950\/Twproject\/#Capterra___6399306' target='_blank'>https:\/\/www.capterra.com\/p\/71950\/Twproject\/#Capterra___6399306<\/a><\/p><\/div><\/div><div class='ol-testimonial-item link-all-block'><p class='testimonial-author-image'><img src='https:\/\/twproject.com\/site\/wp-content\/uploads\/five-stars.png'><\/p><div class='testimonial-content'>\nTwproject mi ha aiutato a organizzare i progetti che seguivo in fasi da assegnare al mio team. In questo modo tutti abbiamo iniziato a inserire sempre maggiori dettagli sulle nostre attivit\u00e0 quotidiane e questo ha giovato in termini di autoconsapevolezza e facilit\u00e0 nella condivisione.\n<p class='testimonial-company'>Silvia R. &#8211; Capo progetto Information Technology and Services<\/p><p class='testimonial-author'>June 18, 2024<\/p><p class='testimonial-url' style='display: none'><a href='https:\/\/www.capterra.com\/p\/71950\/Twproject\/#Capterra___6348150' target='_blank'>https:\/\/www.capterra.com\/p\/71950\/Twproject\/#Capterra___6348150<\/a><\/p><\/div><\/div><div class='ol-testimonial-item link-all-block'><p class='testimonial-author-image'><img src='https:\/\/twproject.com\/site\/wp-content\/uploads\/five-stars.png'><\/p><div class='testimonial-content'>\nFacilit\u00e0 di implementazione, incredibili funzionalit\u00e0 e velocit\u00e0 del sistema. Uno sviluppo tecnico davvero impeccabile! Raggruppa tutte le esigenze di un vero team per la collaborazione nei progetti! Gant, Tasks, Attivit\u00e0, notifiche, Kanban!\n<p class='testimonial-company'>Alessio V. &#8211; IT Manager Design<\/p><p class='testimonial-author'>June 18, 2024<\/p><p class='testimonial-url' style='display: none'><a href='https:\/\/www.capterra.com\/p\/71950\/Twproject\/#Capterra___6348100' target='_blank'>https:\/\/www.capterra.com\/p\/71950\/Twproject\/#Capterra___6348100<\/a><\/p><\/div><\/div><\/div><\/div><script>jQuery(()=>{new TestimonialsStrip({container:'#OL-TSM-PQT0IR-HR0SR0', autoPlay:true});})<\/script><\/div>\n<\/div>\n\n\n\n<div style=\"height:100px\" aria-hidden=\"true\" class=\"wp-block-spacer\"><\/div>\n\n\n\n<p><\/p>\n","protected":false},"excerpt":{"rendered":"<p>Un tool di project management di classe enterprise per la gestione completa dei tuoi progetti, la collaborazione in tempo reale, la gestione di costi, tempi di sviluppo e bug tracking tutto in uno strumento potente e flessibile.<\/p>\n","protected":false},"author":1,"featured_media":0,"parent":0,"menu_order":78,"comment_status":"closed","ping_status":"closed","template":"","meta":{"footnotes":""},"class_list":["post-9499","page","type-page","status-publish","hentry"],"yoast_head":"<!-- This site is optimized with the Yoast SEO plugin v25.4 - https:\/\/yoast.com\/wordpress\/plugins\/seo\/ -->\n<title>Richiedi una Demo | Twproject<\/title>\n<meta name=\"robots\" content=\"index, follow, max-snippet:-1, max-image-preview:large, max-video-preview:-1\" \/>\n<link rel=\"canonical\" href=\"https:\/\/twproject.com\/it\/richiedi-una-demo\/\" \/>\n<meta property=\"og:locale\" content=\"it_IT\" \/>\n<meta property=\"og:type\" content=\"article\" \/>\n<meta property=\"og:title\" content=\"Raggiungi i tuoi obiettivi con Twproject\" \/>\n<meta property=\"og:description\" content=\"Collabora in tempo reale e porta a termine i tuoi progetti. Controlla il progresso, le scadenze e i costi in maniera semplice.\" \/>\n<meta property=\"og:url\" content=\"https:\/\/twproject.com\/it\/richiedi-una-demo\/\" \/>\n<meta property=\"og:site_name\" content=\"Twproject: project management software, bug tracking, time tracking, planning\" \/>\n<meta property=\"article:publisher\" content=\"http:\/\/facebook.com\/twproject\" \/>\n<meta property=\"article:modified_time\" content=\"2026-03-05T12:57:32+00:00\" \/>\n<meta property=\"og:image\" content=\"https:\/\/twproject.com\/site\/wp-content\/uploads\/2022\/01\/demo-blink.gif\" \/>\n\t<meta property=\"og:image:width\" content=\"623\" \/>\n\t<meta property=\"og:image:height\" content=\"393\" \/>\n\t<meta property=\"og:image:type\" content=\"image\/gif\" \/>\n<meta name=\"twitter:card\" content=\"summary_large_image\" \/>\n<meta name=\"twitter:site\" content=\"@twprojectnews\" \/>\n<meta name=\"twitter:label1\" content=\"Tempo di lettura stimato\" \/>\n\t<meta name=\"twitter:data1\" content=\"3 minuti\" \/>\n<script type=\"application\/ld+json\" class=\"yoast-schema-graph\">{\"@context\":\"https:\/\/schema.org\",\"@graph\":[{\"@type\":\"WebPage\",\"@id\":\"https:\/\/twproject.com\/it\/richiedi-una-demo\/\",\"url\":\"https:\/\/twproject.com\/it\/richiedi-una-demo\/\",\"name\":\"Richiedi una Demo | Twproject\",\"isPartOf\":{\"@id\":\"https:\/\/twproject.com\/#website\"},\"primaryImageOfPage\":{\"@id\":\"https:\/\/twproject.com\/it\/richiedi-una-demo\/#primaryimage\"},\"image\":{\"@id\":\"https:\/\/twproject.com\/it\/richiedi-una-demo\/#primaryimage\"},\"thumbnailUrl\":\"https:\/\/twproject.com\/site\/wp-content\/uploads\/2022\/01\/demo-blink.gif\",\"datePublished\":\"2015-03-20T17:06:57+00:00\",\"dateModified\":\"2026-03-05T12:57:32+00:00\",\"breadcrumb\":{\"@id\":\"https:\/\/twproject.com\/it\/richiedi-una-demo\/#breadcrumb\"},\"inLanguage\":\"it-IT\",\"potentialAction\":[{\"@type\":\"ReadAction\",\"target\":[\"https:\/\/twproject.com\/it\/richiedi-una-demo\/\"]}]},{\"@type\":\"ImageObject\",\"inLanguage\":\"it-IT\",\"@id\":\"https:\/\/twproject.com\/it\/richiedi-una-demo\/#primaryimage\",\"url\":\"https:\/\/twproject.com\/site\/wp-content\/uploads\/2022\/01\/demo-blink.gif\",\"contentUrl\":\"https:\/\/twproject.com\/site\/wp-content\/uploads\/2022\/01\/demo-blink.gif\"},{\"@type\":\"BreadcrumbList\",\"@id\":\"https:\/\/twproject.com\/it\/richiedi-una-demo\/#breadcrumb\",\"itemListElement\":[{\"@type\":\"ListItem\",\"position\":1,\"name\":\"Home\",\"item\":\"https:\/\/twproject.com\/it\/\"},{\"@type\":\"ListItem\",\"position\":2,\"name\":\"request-demo\"}]},{\"@type\":\"WebSite\",\"@id\":\"https:\/\/twproject.com\/#website\",\"url\":\"https:\/\/twproject.com\/\",\"name\":\"Twproject: project management software, resource management, time tracking, planning, Gantt, Kanban\",\"description\":\"Twproject is a full featured web based project management software that gives you full visibility and control over your projects.Twproject is also a time tracking software, a bug tracking software, a project planning software.\",\"publisher\":{\"@id\":\"https:\/\/twproject.com\/#organization\"},\"potentialAction\":[{\"@type\":\"SearchAction\",\"target\":{\"@type\":\"EntryPoint\",\"urlTemplate\":\"https:\/\/twproject.com\/?s={search_term_string}\"},\"query-input\":{\"@type\":\"PropertyValueSpecification\",\"valueRequired\":true,\"valueName\":\"search_term_string\"}}],\"inLanguage\":\"it-IT\"},{\"@type\":\"Organization\",\"@id\":\"https:\/\/twproject.com\/#organization\",\"name\":\"Twproject: project management software, resource management, time tracking, planning, Gantt, Kanban\",\"url\":\"https:\/\/twproject.com\/\",\"logo\":{\"@type\":\"ImageObject\",\"inLanguage\":\"it-IT\",\"@id\":\"https:\/\/twproject.com\/#\/schema\/logo\/image\/\",\"url\":\"https:\/\/twproject.com\/site\/wp-content\/uploads\/tw-logo-1.png\",\"contentUrl\":\"https:\/\/twproject.com\/site\/wp-content\/uploads\/tw-logo-1.png\",\"width\":250,\"height\":70,\"caption\":\"Twproject: project management software, resource management, time tracking, planning, Gantt, Kanban\"},\"image\":{\"@id\":\"https:\/\/twproject.com\/#\/schema\/logo\/image\/\"},\"sameAs\":[\"http:\/\/facebook.com\/twproject\",\"https:\/\/x.com\/twprojectnews\",\"https:\/\/www.youtube.com\/@Twproject\",\"https:\/\/www.linkedin.com\/company\/twproject\",\"https:\/\/www.instagram.com\/twprojectsoftware\/\"]}]}<\/script>\n<!-- \/ Yoast SEO plugin. -->","yoast_head_json":{"title":"Richiedi una Demo | Twproject","robots":{"index":"index","follow":"follow","max-snippet":"max-snippet:-1","max-image-preview":"max-image-preview:large","max-video-preview":"max-video-preview:-1"},"canonical":"https:\/\/twproject.com\/it\/richiedi-una-demo\/","og_locale":"it_IT","og_type":"article","og_title":"Raggiungi i tuoi obiettivi con Twproject","og_description":"Collabora in tempo reale e porta a termine i tuoi progetti. Controlla il progresso, le scadenze e i costi in maniera semplice.","og_url":"https:\/\/twproject.com\/it\/richiedi-una-demo\/","og_site_name":"Twproject: project management software, bug tracking, time tracking, planning","article_publisher":"http:\/\/facebook.com\/twproject","article_modified_time":"2026-03-05T12:57:32+00:00","og_image":[{"width":623,"height":393,"url":"https:\/\/twproject.com\/site\/wp-content\/uploads\/2022\/01\/demo-blink.gif","type":"image\/gif"}],"twitter_card":"summary_large_image","twitter_site":"@twprojectnews","twitter_misc":{"Tempo di lettura stimato":"3 minuti"},"schema":{"@context":"https:\/\/schema.org","@graph":[{"@type":"WebPage","@id":"https:\/\/twproject.com\/it\/richiedi-una-demo\/","url":"https:\/\/twproject.com\/it\/richiedi-una-demo\/","name":"Richiedi una Demo | Twproject","isPartOf":{"@id":"https:\/\/twproject.com\/#website"},"primaryImageOfPage":{"@id":"https:\/\/twproject.com\/it\/richiedi-una-demo\/#primaryimage"},"image":{"@id":"https:\/\/twproject.com\/it\/richiedi-una-demo\/#primaryimage"},"thumbnailUrl":"https:\/\/twproject.com\/site\/wp-content\/uploads\/2022\/01\/demo-blink.gif","datePublished":"2015-03-20T17:06:57+00:00","dateModified":"2026-03-05T12:57:32+00:00","breadcrumb":{"@id":"https:\/\/twproject.com\/it\/richiedi-una-demo\/#breadcrumb"},"inLanguage":"it-IT","potentialAction":[{"@type":"ReadAction","target":["https:\/\/twproject.com\/it\/richiedi-una-demo\/"]}]},{"@type":"ImageObject","inLanguage":"it-IT","@id":"https:\/\/twproject.com\/it\/richiedi-una-demo\/#primaryimage","url":"https:\/\/twproject.com\/site\/wp-content\/uploads\/2022\/01\/demo-blink.gif","contentUrl":"https:\/\/twproject.com\/site\/wp-content\/uploads\/2022\/01\/demo-blink.gif"},{"@type":"BreadcrumbList","@id":"https:\/\/twproject.com\/it\/richiedi-una-demo\/#breadcrumb","itemListElement":[{"@type":"ListItem","position":1,"name":"Home","item":"https:\/\/twproject.com\/it\/"},{"@type":"ListItem","position":2,"name":"request-demo"}]},{"@type":"WebSite","@id":"https:\/\/twproject.com\/#website","url":"https:\/\/twproject.com\/","name":"Twproject: project management software, resource management, time tracking, planning, Gantt, Kanban","description":"Twproject is a full featured web based project management software that gives you full visibility and control over your projects.Twproject is also a time tracking software, a bug tracking software, a project planning software.","publisher":{"@id":"https:\/\/twproject.com\/#organization"},"potentialAction":[{"@type":"SearchAction","target":{"@type":"EntryPoint","urlTemplate":"https:\/\/twproject.com\/?s={search_term_string}"},"query-input":{"@type":"PropertyValueSpecification","valueRequired":true,"valueName":"search_term_string"}}],"inLanguage":"it-IT"},{"@type":"Organization","@id":"https:\/\/twproject.com\/#organization","name":"Twproject: project management software, resource management, time tracking, planning, Gantt, Kanban","url":"https:\/\/twproject.com\/","logo":{"@type":"ImageObject","inLanguage":"it-IT","@id":"https:\/\/twproject.com\/#\/schema\/logo\/image\/","url":"https:\/\/twproject.com\/site\/wp-content\/uploads\/tw-logo-1.png","contentUrl":"https:\/\/twproject.com\/site\/wp-content\/uploads\/tw-logo-1.png","width":250,"height":70,"caption":"Twproject: project management software, resource management, time tracking, planning, Gantt, Kanban"},"image":{"@id":"https:\/\/twproject.com\/#\/schema\/logo\/image\/"},"sameAs":["http:\/\/facebook.com\/twproject","https:\/\/x.com\/twprojectnews","https:\/\/www.youtube.com\/@Twproject","https:\/\/www.linkedin.com\/company\/twproject","https:\/\/www.instagram.com\/twprojectsoftware\/"]}]}},"ol_post_meta":"","_links":{"self":[{"href":"https:\/\/twproject.com\/it\/wp-json\/wp\/v2\/pages\/9499","targetHints":{"allow":["GET"]}}],"collection":[{"href":"https:\/\/twproject.com\/it\/wp-json\/wp\/v2\/pages"}],"about":[{"href":"https:\/\/twproject.com\/it\/wp-json\/wp\/v2\/types\/page"}],"author":[{"embeddable":true,"href":"https:\/\/twproject.com\/it\/wp-json\/wp\/v2\/users\/1"}],"replies":[{"embeddable":true,"href":"https:\/\/twproject.com\/it\/wp-json\/wp\/v2\/comments?post=9499"}],"version-history":[{"count":22,"href":"https:\/\/twproject.com\/it\/wp-json\/wp\/v2\/pages\/9499\/revisions"}],"predecessor-version":[{"id":25316,"href":"https:\/\/twproject.com\/it\/wp-json\/wp\/v2\/pages\/9499\/revisions\/25316"}],"wp:attachment":[{"href":"https:\/\/twproject.com\/it\/wp-json\/wp\/v2\/media?parent=9499"}],"curies":[{"name":"wp","href":"https:\/\/api.w.org\/{rel}","templated":true}]}}