{"id":9384,"date":"2015-03-20T16:06:57","date_gmt":"2015-03-20T16:06:57","guid":{"rendered":"http:\/\/twproject.com\/site\/\/pagina-iniziale-copy\/"},"modified":"2026-04-27T10:59:55","modified_gmt":"2026-04-27T10:59:55","slug":"eventi","status":"publish","type":"page","link":"https:\/\/twproject.com\/it\/eventi\/","title":{"rendered":"Eventi"},"content":{"rendered":"\n<div class=\"wp-block-columns alignwide is-layout-flex wp-container-core-columns-is-layout-9d6595d7 wp-block-columns-is-layout-flex\">\n<div class=\"wp-block-column is-layout-flow wp-block-column-is-layout-flow\">\n<h1 class=\"wp-block-heading\">Progetti complessi e poco controllo? Parliamone.<\/h1>\n\n\n\n<p>Scopri come Twproject ti aiuta a gestire attivit\u00e0, risorse e tempi in modo semplice e concreto.<\/p>\n\n\n\n<p>Sviluppo e supporto 100% italiano!<\/p>\n<\/div>\n\n\n\n<div class=\"wp-block-column is-layout-flow wp-block-column-is-layout-flow\">\n<div class=\"wp-block-group form-box\"><div class=\"wp-block-group__inner-container is-layout-constrained wp-block-group-is-layout-constrained\">\n<h4 class=\"wp-block-heading\">Scopri come funziona<\/h4>\n\n\n\n<div class=\"wp-block-contact-form-7-contact-form-selector\">\n<div class=\"wpcf7 no-js\" id=\"wpcf7-f24106-o1\" lang=\"en-US\" dir=\"ltr\" data-wpcf7-id=\"24106\">\n<div class=\"screen-reader-response\"><p role=\"status\" aria-live=\"polite\" aria-atomic=\"true\"><\/p> <ul><\/ul><\/div>\n<form action=\"\/it\/wp-json\/wp\/v2\/pages\/9384#wpcf7-f24106-o1\" method=\"post\" class=\"wpcf7-form init\" aria-label=\"Contact form\" novalidate=\"novalidate\" data-status=\"init\">\n<fieldset class=\"hidden-fields-container\"><input type=\"hidden\" name=\"_wpcf7\" value=\"24106\" \/><input type=\"hidden\" name=\"_wpcf7_version\" value=\"6.1.2\" \/><input type=\"hidden\" name=\"_wpcf7_locale\" value=\"en_US\" \/><input type=\"hidden\" name=\"_wpcf7_unit_tag\" value=\"wpcf7-f24106-o1\" \/><input type=\"hidden\" name=\"_wpcf7_container_post\" value=\"0\" \/><input type=\"hidden\" name=\"_wpcf7_posted_data_hash\" value=\"\" \/>\n<\/fieldset>\n<p><label>Nome \/ Cognome<\/label><br \/>\n<span class=\"wpcf7-form-control-wrap\" data-name=\"your-name\"><input size=\"40\" maxlength=\"400\" class=\"wpcf7-form-control wpcf7-text wpcf7-validates-as-required\" aria-required=\"true\" aria-invalid=\"false\" placeholder=\"Nome \/ Cognome\" value=\"\" type=\"text\" name=\"your-name\" \/><\/span>\n<\/p>\n<p><label>Azienda<\/label><br \/>\n<span class=\"wpcf7-form-control-wrap\" data-name=\"your-company\"><input size=\"40\" maxlength=\"400\" class=\"wpcf7-form-control wpcf7-text wpcf7-validates-as-required\" aria-required=\"true\" aria-invalid=\"false\" placeholder=\"Nome Azienda\" value=\"\" type=\"text\" name=\"your-company\" \/><\/span>\n<\/p>\n<p><label>Email aziendale<\/label><br \/>\n<span class=\"wpcf7-form-control-wrap\" data-name=\"your-email\"><input size=\"40\" maxlength=\"400\" class=\"wpcf7-form-control wpcf7-email wpcf7-validates-as-required wpcf7-text wpcf7-validates-as-email\" aria-required=\"true\" aria-invalid=\"false\" placeholder=\"nome@nomeazienda.com\" value=\"\" type=\"email\" name=\"your-email\" \/><\/span>\n<\/p>\n<p>\n<div class=\"wpcf7-turnstile cf-turnstile\" data-sitekey=\"0x4AAAAAABlC0pZd2tOb-8Yv\" data-response-field-name=\"_wpcf7_turnstile_response\"><\/div>\n<\/p>\n<p><input class=\"wpcf7-form-control wpcf7-submit has-spinner\" type=\"submit\" value=\"Invia richiesta\" \/>\n<\/p><div class=\"wpcf7-response-output\" aria-hidden=\"true\"><\/div>\n<\/form>\n<\/div>\n<\/div>\n<\/div><\/div>\n<\/div>\n<\/div>\n\n\n\n<div style=\"height:50px\" aria-hidden=\"true\" class=\"wp-block-spacer\"><\/div>\n\n\n\n<div class=\"wp-block-group alignwide customers-slider\"><div class=\"wp-block-group__inner-container is-layout-constrained wp-block-group-is-layout-constrained\">\n<h5 class=\"wp-block-heading has-text-align-center\">Scelto da migliaia di aziende in tutto il mondo<\/h5>\n\n\n\n<figure class=\"wp-block-gallery has-nested-images columns-6 is-cropped wp-block-gallery-1 is-layout-flex wp-block-gallery-is-layout-flex\">\n<figure class=\"wp-block-image size-large\"><img loading=\"lazy\" decoding=\"async\" width=\"180\" height=\"90\" data-id=\"14740\" src=\"https:\/\/twproject.com\/site\/wp-content\/uploads\/Salewa-Logo.png\" alt=\"\" class=\"wp-image-14740\"\/><\/figure>\n\n\n\n<figure class=\"wp-block-image size-large\"><img loading=\"lazy\" decoding=\"async\" width=\"180\" height=\"90\" data-id=\"14756\" src=\"https:\/\/twproject.com\/site\/wp-content\/uploads\/Calzedonia-Logo.png\" alt=\"\" class=\"wp-image-14756\"\/><\/figure>\n\n\n\n<figure class=\"wp-block-image size-large\"><img loading=\"lazy\" decoding=\"async\" width=\"180\" height=\"90\" data-id=\"14734\" src=\"https:\/\/twproject.com\/site\/wp-content\/uploads\/Zucchetti-Logo.png\" alt=\"\" class=\"wp-image-14734\"\/><\/figure>\n\n\n\n<figure class=\"wp-block-image size-large\"><img loading=\"lazy\" decoding=\"async\" width=\"180\" height=\"90\" data-id=\"14750\" src=\"https:\/\/twproject.com\/site\/wp-content\/uploads\/CONTACTLAB-Logo.png\" alt=\"\" class=\"wp-image-14750\"\/><\/figure>\n\n\n\n<figure class=\"wp-block-image size-large\"><img loading=\"lazy\" decoding=\"async\" width=\"180\" height=\"90\" data-id=\"18911\" src=\"https:\/\/twproject.com\/site\/wp-content\/uploads\/2022\/04\/dhl-logo.png\" alt=\"\" class=\"wp-image-18911\"\/><\/figure>\n\n\n\n<figure class=\"wp-block-image size-large\"><img loading=\"lazy\" decoding=\"async\" width=\"180\" height=\"90\" data-id=\"18907\" src=\"https:\/\/twproject.com\/site\/wp-content\/uploads\/2022\/04\/deloitte-logo.png\" alt=\"\" class=\"wp-image-18907\"\/><\/figure>\n\n\n\n<figure class=\"wp-block-image size-large\"><img loading=\"lazy\" decoding=\"async\" width=\"180\" height=\"90\" data-id=\"14736\" src=\"https:\/\/twproject.com\/site\/wp-content\/uploads\/Temera-Logo.png\" alt=\"\" class=\"wp-image-14736\"\/><\/figure>\n\n\n\n<figure class=\"wp-block-image size-large\"><img loading=\"lazy\" decoding=\"async\" width=\"180\" height=\"90\" data-id=\"14752\" src=\"https:\/\/twproject.com\/site\/wp-content\/uploads\/Bizmatica-Logo.png\" alt=\"\" class=\"wp-image-14752\"\/><\/figure>\n\n\n\n<figure class=\"wp-block-image size-large\"><img loading=\"lazy\" decoding=\"async\" width=\"180\" height=\"90\" data-id=\"14732\" src=\"https:\/\/twproject.com\/site\/wp-content\/uploads\/Hetalab-Logo.png\" alt=\"\" class=\"wp-image-14732\"\/><\/figure>\n\n\n\n<figure class=\"wp-block-image size-large\"><img loading=\"lazy\" decoding=\"async\" width=\"180\" height=\"90\" data-id=\"14738\" src=\"https:\/\/twproject.com\/site\/wp-content\/uploads\/Soteco-Logo.png\" alt=\"\" class=\"wp-image-14738\"\/><\/figure>\n\n\n\n<figure class=\"wp-block-image size-large\"><img loading=\"lazy\" decoding=\"async\" width=\"180\" height=\"90\" data-id=\"14746\" src=\"https:\/\/twproject.com\/site\/wp-content\/uploads\/La_Doria-Logo.png\" alt=\"\" class=\"wp-image-14746\"\/><\/figure>\n\n\n\n<figure class=\"wp-block-image size-large\"><img loading=\"lazy\" decoding=\"async\" width=\"180\" height=\"90\" data-id=\"14744\" src=\"https:\/\/twproject.com\/site\/wp-content\/uploads\/2022\/01\/P35-Logo.png\" alt=\"\" class=\"wp-image-14744\"\/><\/figure>\n<\/figure>\n<\/div><\/div>\n\n\n\n<div style=\"height:100px\" aria-hidden=\"true\" class=\"wp-block-spacer\"><\/div>\n\n\n\n<div class=\"wp-block-columns alignwide is-layout-flex wp-container-core-columns-is-layout-9d6595d7 wp-block-columns-is-layout-flex\">\n<div class=\"wp-block-column is-layout-flow wp-block-column-is-layout-flow\"><div class=\"wp-block-image\">\n<figure class=\"aligncenter size-full\"><img loading=\"lazy\" decoding=\"async\" width=\"180\" height=\"180\" src=\"http:\/\/twproject.com\/site\/\/wp-content\/uploads\/tw_ico_pm-1.png\" alt=\"\" class=\"wp-image-24056\"\/><\/figure><\/div>\n\n\n<h3 class=\"wp-block-heading has-text-align-center\">Per il Project Manager<\/h3>\n\n\n\n<p class=\"has-text-align-center\">Pianifica i progetti e delega il lavoro al tuo team. Gestisci il budget di progetto e tini i costi sotto controllo. Ottieni informazioni aggiornate e risparmia tempo evitando meeting sullo stato di avanzamento. Intervieni solo in caso di allarmi.<\/p>\n<\/div>\n\n\n\n<div class=\"wp-block-column is-layout-flow wp-block-column-is-layout-flow\"><div class=\"wp-block-image\">\n<figure class=\"aligncenter size-full\"><img loading=\"lazy\" decoding=\"async\" width=\"180\" height=\"180\" src=\"http:\/\/twproject.com\/site\/\/wp-content\/uploads\/tw_ico_ceo-1.png\" alt=\"\" class=\"wp-image-24060\"\/><\/figure><\/div>\n\n\n<h3 class=\"wp-block-heading has-text-align-center\">Per il Management<\/h3>\n\n\n\n<p class=\"has-text-align-center\">Utilizza i report avanzati e i cruscotti dedicati per conoscere lo stato dei progetti ed avere una visione d\u2019insieme.<br>I dati accurati ti permetteranno di intervenire al momento giusto.<\/p>\n<\/div>\n\n\n\n<div class=\"wp-block-column is-layout-flow wp-block-column-is-layout-flow\"><div class=\"wp-block-image\">\n<figure class=\"aligncenter size-full\"><img loading=\"lazy\" decoding=\"async\" width=\"180\" height=\"180\" src=\"http:\/\/twproject.com\/site\/\/wp-content\/uploads\/tw_ico_team-1.png\" alt=\"\" class=\"wp-image-24058\"\/><\/figure><\/div>\n\n\n<h3 class=\"wp-block-heading has-text-align-center\">Per il Team<\/h3>\n\n\n\n<p class=\"has-text-align-center\">Utilizza gli strumenti di collaborazione per mantenere il team focalizzato sul progetto. Sar\u00e0 il team a inserire le micro attivit\u00e0, dare loro una priorit\u00e0 ed inserire il tempo e le spese sui vari task.<\/p>\n<\/div>\n<\/div>\n\n\n\n<div style=\"height:100px\" aria-hidden=\"true\" class=\"wp-block-spacer\"><\/div>\n\n\n<div id='OL-TSM-VYK9EN-25RE7X' class='ol-testimonials-block quoted alignwide' ><div class=\"ol-testimonials-content\"><div class='ol-testimonial-item '><p class='testimonial-author-image'><img src='https:\/\/twproject.com\/site\/wp-content\/uploads\/2023\/04\/gap_head.jpg'><\/p><div class='testimonial-content'><!-- wp:paragraph {\"translatedWithWPMLTM\":\"1\"} -->\n<p>Twproject \u00e8 uno strumento che ci ha permesso di pianificare i progetti in modo eccellente e con trasparenza, migliorando l\u2019efficienza del team e massimizzando la produttivit\u00e0 complessiva<\/p>\n<!-- \/wp:paragraph --><p class='testimonial-company'>GAP Studi e consulenze<\/p><p class='testimonial-author'>Maria Letizia Longo, Assistant and Project Manager<\/p><p class='testimonial-url'><\/p><\/div><\/div><\/div><\/div><script>jQuery(()=>{new TestimonialsSlider({container:'#OL-TSM-VYK9EN-25RE7X'});})<\/script>\n\n\n<div style=\"height:100px\" aria-hidden=\"true\" class=\"wp-block-spacer\"><\/div>\n\n\n\n<div class=\"wp-block-columns alignfull has-light-grey-background-color has-background is-layout-flex wp-container-core-columns-is-layout-9d6595d7 wp-block-columns-is-layout-flex\">\n<div class=\"wp-block-column is-layout-flow wp-block-column-is-layout-flow\">\n<div style=\"height:30px\" aria-hidden=\"true\" class=\"wp-block-spacer\"><\/div>\n\n\n<div class=\"wp-block-image\">\n<figure class=\"aligncenter size-full\"><img loading=\"lazy\" decoding=\"async\" width=\"80\" height=\"66\" src=\"http:\/\/twproject.com\/site\/\/wp-content\/uploads\/ico-testimonials.png\" alt=\"\" class=\"wp-image-14503\"\/><\/figure><\/div>\n\n\n<h3 class=\"wp-block-heading alignwide has-text-align-center\">Cosa dicono di noi su Capterra<\/h3>\n\n\n\n<div style=\"height:50px\" aria-hidden=\"true\" class=\"wp-block-spacer\"><\/div>\n\n\n \n\n\n\n<div style=\"height:50px\" aria-hidden=\"true\" class=\"wp-block-spacer\"><\/div>\n<\/div>\n<\/div>\n","protected":false},"excerpt":{"rendered":"<p>Un tool di project management di classe enterprise per la gestione completa dei tuoi progetti, la collaborazione in tempo reale, la gestione di costi, tempi di sviluppo e bug tracking tutto in uno strumento potente e flessibile.<\/p>\n","protected":false},"author":1,"featured_media":0,"parent":0,"menu_order":38,"comment_status":"closed","ping_status":"open","template":"","meta":{"footnotes":""},"class_list":["post-9384","page","type-page","status-publish","hentry"],"yoast_head":"<!-- This site is optimized with the Yoast SEO plugin v25.4 - https:\/\/yoast.com\/wordpress\/plugins\/seo\/ -->\n<title>Richiedi una Demo | Twproject<\/title>\n<meta name=\"robots\" content=\"index, follow, max-snippet:-1, max-image-preview:large, max-video-preview:-1\" \/>\n<link rel=\"canonical\" href=\"https:\/\/twproject.com\/it\/eventi\/\" \/>\n<meta property=\"og:locale\" content=\"it_IT\" \/>\n<meta property=\"og:type\" content=\"article\" \/>\n<meta property=\"og:title\" content=\"Raggiungi i tuoi obiettivi con Twproject\" \/>\n<meta property=\"og:description\" content=\"Collabora in tempo reale e porta a termine i tuoi progetti. Controlla il progresso, le scadenze e i costi in maniera semplice.\" \/>\n<meta property=\"og:url\" content=\"https:\/\/twproject.com\/it\/eventi\/\" \/>\n<meta property=\"og:site_name\" content=\"Twproject: project management software, bug tracking, time tracking, planning\" \/>\n<meta property=\"article:publisher\" content=\"http:\/\/facebook.com\/twproject\" \/>\n<meta property=\"article:modified_time\" content=\"2026-04-27T10:59:55+00:00\" \/>\n<meta property=\"og:image\" content=\"http:\/\/twproject.com\/site\/\/wp-content\/uploads\/tw_ico_pm-1.png\" \/>\n<meta name=\"twitter:card\" content=\"summary_large_image\" \/>\n<meta name=\"twitter:site\" content=\"@twprojectnews\" \/>\n<meta name=\"twitter:label1\" content=\"Tempo di lettura stimato\" \/>\n\t<meta name=\"twitter:data1\" content=\"4 minuti\" \/>\n<script type=\"application\/ld+json\" class=\"yoast-schema-graph\">{\"@context\":\"https:\/\/schema.org\",\"@graph\":[{\"@type\":\"WebPage\",\"@id\":\"https:\/\/twproject.com\/it\/eventi\/\",\"url\":\"https:\/\/twproject.com\/it\/eventi\/\",\"name\":\"Richiedi una Demo | Twproject\",\"isPartOf\":{\"@id\":\"https:\/\/twproject.com\/#website\"},\"primaryImageOfPage\":{\"@id\":\"https:\/\/twproject.com\/it\/eventi\/#primaryimage\"},\"image\":{\"@id\":\"https:\/\/twproject.com\/it\/eventi\/#primaryimage\"},\"thumbnailUrl\":\"http:\/\/twproject.com\/site\/\/wp-content\/uploads\/tw_ico_pm-1.png\",\"datePublished\":\"2015-03-20T16:06:57+00:00\",\"dateModified\":\"2026-04-27T10:59:55+00:00\",\"breadcrumb\":{\"@id\":\"https:\/\/twproject.com\/it\/eventi\/#breadcrumb\"},\"inLanguage\":\"it-IT\",\"potentialAction\":[{\"@type\":\"ReadAction\",\"target\":[\"https:\/\/twproject.com\/it\/eventi\/\"]}]},{\"@type\":\"ImageObject\",\"inLanguage\":\"it-IT\",\"@id\":\"https:\/\/twproject.com\/it\/eventi\/#primaryimage\",\"url\":\"http:\/\/twproject.com\/site\/\/wp-content\/uploads\/tw_ico_pm-1.png\",\"contentUrl\":\"http:\/\/twproject.com\/site\/\/wp-content\/uploads\/tw_ico_pm-1.png\"},{\"@type\":\"BreadcrumbList\",\"@id\":\"https:\/\/twproject.com\/it\/eventi\/#breadcrumb\",\"itemListElement\":[{\"@type\":\"ListItem\",\"position\":1,\"name\":\"Home\",\"item\":\"https:\/\/twproject.com\/it\/\"},{\"@type\":\"ListItem\",\"position\":2,\"name\":\"Eventi\"}]},{\"@type\":\"WebSite\",\"@id\":\"https:\/\/twproject.com\/#website\",\"url\":\"https:\/\/twproject.com\/\",\"name\":\"Twproject: project management software, resource management, time tracking, planning, Gantt, Kanban\",\"description\":\"Twproject is a full featured web based project management software that gives you full visibility and control over your projects.Twproject is also a time tracking software, a bug tracking software, a project planning software.\",\"publisher\":{\"@id\":\"https:\/\/twproject.com\/#organization\"},\"potentialAction\":[{\"@type\":\"SearchAction\",\"target\":{\"@type\":\"EntryPoint\",\"urlTemplate\":\"https:\/\/twproject.com\/?s={search_term_string}\"},\"query-input\":{\"@type\":\"PropertyValueSpecification\",\"valueRequired\":true,\"valueName\":\"search_term_string\"}}],\"inLanguage\":\"it-IT\"},{\"@type\":\"Organization\",\"@id\":\"https:\/\/twproject.com\/#organization\",\"name\":\"Twproject: project management software, resource management, time tracking, planning, Gantt, Kanban\",\"url\":\"https:\/\/twproject.com\/\",\"logo\":{\"@type\":\"ImageObject\",\"inLanguage\":\"it-IT\",\"@id\":\"https:\/\/twproject.com\/#\/schema\/logo\/image\/\",\"url\":\"https:\/\/twproject.com\/site\/wp-content\/uploads\/tw-logo-1.png\",\"contentUrl\":\"https:\/\/twproject.com\/site\/wp-content\/uploads\/tw-logo-1.png\",\"width\":250,\"height\":70,\"caption\":\"Twproject: project management software, resource management, time tracking, planning, Gantt, Kanban\"},\"image\":{\"@id\":\"https:\/\/twproject.com\/#\/schema\/logo\/image\/\"},\"sameAs\":[\"http:\/\/facebook.com\/twproject\",\"https:\/\/x.com\/twprojectnews\",\"https:\/\/www.youtube.com\/@Twproject\",\"https:\/\/www.linkedin.com\/company\/twproject\",\"https:\/\/www.instagram.com\/twprojectsoftware\/\"]}]}<\/script>\n<!-- \/ Yoast SEO plugin. -->","yoast_head_json":{"title":"Richiedi una Demo | Twproject","robots":{"index":"index","follow":"follow","max-snippet":"max-snippet:-1","max-image-preview":"max-image-preview:large","max-video-preview":"max-video-preview:-1"},"canonical":"https:\/\/twproject.com\/it\/eventi\/","og_locale":"it_IT","og_type":"article","og_title":"Raggiungi i tuoi obiettivi con Twproject","og_description":"Collabora in tempo reale e porta a termine i tuoi progetti. Controlla il progresso, le scadenze e i costi in maniera semplice.","og_url":"https:\/\/twproject.com\/it\/eventi\/","og_site_name":"Twproject: project management software, bug tracking, time tracking, planning","article_publisher":"http:\/\/facebook.com\/twproject","article_modified_time":"2026-04-27T10:59:55+00:00","og_image":[{"url":"http:\/\/twproject.com\/site\/\/wp-content\/uploads\/tw_ico_pm-1.png","type":"","width":"","height":""}],"twitter_card":"summary_large_image","twitter_site":"@twprojectnews","twitter_misc":{"Tempo di lettura stimato":"4 minuti"},"schema":{"@context":"https:\/\/schema.org","@graph":[{"@type":"WebPage","@id":"https:\/\/twproject.com\/it\/eventi\/","url":"https:\/\/twproject.com\/it\/eventi\/","name":"Richiedi una Demo | Twproject","isPartOf":{"@id":"https:\/\/twproject.com\/#website"},"primaryImageOfPage":{"@id":"https:\/\/twproject.com\/it\/eventi\/#primaryimage"},"image":{"@id":"https:\/\/twproject.com\/it\/eventi\/#primaryimage"},"thumbnailUrl":"http:\/\/twproject.com\/site\/\/wp-content\/uploads\/tw_ico_pm-1.png","datePublished":"2015-03-20T16:06:57+00:00","dateModified":"2026-04-27T10:59:55+00:00","breadcrumb":{"@id":"https:\/\/twproject.com\/it\/eventi\/#breadcrumb"},"inLanguage":"it-IT","potentialAction":[{"@type":"ReadAction","target":["https:\/\/twproject.com\/it\/eventi\/"]}]},{"@type":"ImageObject","inLanguage":"it-IT","@id":"https:\/\/twproject.com\/it\/eventi\/#primaryimage","url":"http:\/\/twproject.com\/site\/\/wp-content\/uploads\/tw_ico_pm-1.png","contentUrl":"http:\/\/twproject.com\/site\/\/wp-content\/uploads\/tw_ico_pm-1.png"},{"@type":"BreadcrumbList","@id":"https:\/\/twproject.com\/it\/eventi\/#breadcrumb","itemListElement":[{"@type":"ListItem","position":1,"name":"Home","item":"https:\/\/twproject.com\/it\/"},{"@type":"ListItem","position":2,"name":"Eventi"}]},{"@type":"WebSite","@id":"https:\/\/twproject.com\/#website","url":"https:\/\/twproject.com\/","name":"Twproject: project management software, resource management, time tracking, planning, Gantt, Kanban","description":"Twproject is a full featured web based project management software that gives you full visibility and control over your projects.Twproject is also a time tracking software, a bug tracking software, a project planning software.","publisher":{"@id":"https:\/\/twproject.com\/#organization"},"potentialAction":[{"@type":"SearchAction","target":{"@type":"EntryPoint","urlTemplate":"https:\/\/twproject.com\/?s={search_term_string}"},"query-input":{"@type":"PropertyValueSpecification","valueRequired":true,"valueName":"search_term_string"}}],"inLanguage":"it-IT"},{"@type":"Organization","@id":"https:\/\/twproject.com\/#organization","name":"Twproject: project management software, resource management, time tracking, planning, Gantt, Kanban","url":"https:\/\/twproject.com\/","logo":{"@type":"ImageObject","inLanguage":"it-IT","@id":"https:\/\/twproject.com\/#\/schema\/logo\/image\/","url":"https:\/\/twproject.com\/site\/wp-content\/uploads\/tw-logo-1.png","contentUrl":"https:\/\/twproject.com\/site\/wp-content\/uploads\/tw-logo-1.png","width":250,"height":70,"caption":"Twproject: project management software, resource management, time tracking, planning, Gantt, Kanban"},"image":{"@id":"https:\/\/twproject.com\/#\/schema\/logo\/image\/"},"sameAs":["http:\/\/facebook.com\/twproject","https:\/\/x.com\/twprojectnews","https:\/\/www.youtube.com\/@Twproject","https:\/\/www.linkedin.com\/company\/twproject","https:\/\/www.instagram.com\/twprojectsoftware\/"]}]}},"ol_post_meta":"","_links":{"self":[{"href":"https:\/\/twproject.com\/it\/wp-json\/wp\/v2\/pages\/9384","targetHints":{"allow":["GET"]}}],"collection":[{"href":"https:\/\/twproject.com\/it\/wp-json\/wp\/v2\/pages"}],"about":[{"href":"https:\/\/twproject.com\/it\/wp-json\/wp\/v2\/types\/page"}],"author":[{"embeddable":true,"href":"https:\/\/twproject.com\/it\/wp-json\/wp\/v2\/users\/1"}],"replies":[{"embeddable":true,"href":"https:\/\/twproject.com\/it\/wp-json\/wp\/v2\/comments?post=9384"}],"version-history":[{"count":18,"href":"https:\/\/twproject.com\/it\/wp-json\/wp\/v2\/pages\/9384\/revisions"}],"predecessor-version":[{"id":25359,"href":"https:\/\/twproject.com\/it\/wp-json\/wp\/v2\/pages\/9384\/revisions\/25359"}],"wp:attachment":[{"href":"https:\/\/twproject.com\/it\/wp-json\/wp\/v2\/media?parent=9384"}],"curies":[{"name":"wp","href":"https:\/\/api.w.org\/{rel}","templated":true}]}}